{"id":30,"date":"2023-07-29T21:28:29","date_gmt":"2023-07-29T20:28:29","guid":{"rendered":"https:\/\/divikeys.com\/?page_id=30"},"modified":"2024-07-30T06:06:43","modified_gmt":"2024-07-30T05:06:43","slug":"learn","status":"publish","type":"page","link":"https:\/\/divikeys.com\/index.php\/learn\/","title":{"rendered":"Apprendre"},"content":{"rendered":"<p>[et_pb_section fb_built=&#8221;1&#8243; _builder_version=&#8221;4.22.1&#8243; _module_preset=&#8221;default&#8221; background_image=&#8221;http:\/\/divikeys.com\/wp-content\/uploads\/2023\/08\/Woman-on-laptop-at-beach.jpg&#8221; background_enable_video_mp4=&#8221;off&#8221; width=&#8221;100%&#8221; max_width=&#8221;100%&#8221; height=&#8221;100%&#8221; max_height=&#8221;100%&#8221; global_colors_info=&#8221;{}&#8221;][et_pb_row use_custom_gutter=&#8221;on&#8221; gutter_width=&#8221;1&#8243; make_equal=&#8221;on&#8221; _builder_version=&#8221;4.22.1&#8243; _module_preset=&#8221;default&#8221; background_color=&#8221;rgba(255,255,255,0.61)&#8221; use_background_color_gradient=&#8221;on&#8221; background_color_gradient_stops=&#8221;rgba(224,153,0,0.15) 0%|rgba(11,188,182,0.22) 99%&#8221; width=&#8221;100%&#8221; max_width=&#8221;100%&#8221; min_height=&#8221;100%&#8221; height=&#8221;100%&#8221; max_height=&#8221;100%&#8221; custom_margin=&#8221;-55px||-55px||false|false&#8221; custom_margin_tablet=&#8221;-55px||-55px||false|false&#8221; custom_margin_phone=&#8221;-55px||-55px||false|false&#8221; custom_margin_last_edited=&#8221;on|desktop&#8221; global_colors_info=&#8221;{}&#8221;][et_pb_column type=&#8221;4_4&#8243; _builder_version=&#8221;4.22.1&#8243; _module_preset=&#8221;default&#8221; global_colors_info=&#8221;{}&#8221;][et_pb_text _builder_version=&#8221;4.27.0&#8243; header_font=&#8221;Lato|700||||on|||&#8221; header_text_color=&#8221;#032175&#8243; header_font_size=&#8221;75px&#8221; background_color=&#8221;rgba(0,0,0,0)&#8221; max_width=&#8221;76.6%&#8221; min_height=&#8221;273px&#8221; custom_margin=&#8221;86px|165px|86px||true|false&#8221; custom_margin_tablet=&#8221;86px|165px|86px||true|false&#8221; custom_margin_phone=&#8221;|150px|||true|false&#8221; custom_margin_last_edited=&#8221;on|tablet&#8221; custom_padding=&#8221;90px|0px||112px|false|false&#8221; custom_padding_tablet=&#8221;90px|0px||112px|false|false&#8221; custom_padding_phone=&#8221;90px|0px||112px|false|false&#8221; custom_padding_last_edited=&#8221;on|phone&#8221; animation_style=&#8221;fade&#8221; animation_delay=&#8221;50ms&#8221; animation_starting_opacity=&#8221;2%&#8221; hover_enabled=&#8221;0&#8243; header_text_color_tablet=&#8221;#032175&#8243; header_text_color_phone=&#8221;#032175&#8243; header_text_color_last_edited=&#8221;on|desktop&#8221; header_font_size_tablet=&#8221;75px&#8221; header_font_size_phone=&#8221;27px&#8221; header_font_size_last_edited=&#8221;on|phone&#8221; global_colors_info=&#8221;{}&#8221; sticky_enabled=&#8221;0&#8243;]<\/p>\n<h1>Apprendre avec divikeys<\/h1>\n<p>[\/et_pb_text][\/et_pb_column][\/et_pb_row][\/et_pb_section][et_pb_section fb_built=&#8221;1&#8243; _builder_version=&#8221;4.22.0&#8243; _module_preset=&#8221;default&#8221; custom_padding=&#8221;7px||10px|||&#8221; global_colors_info=&#8221;{}&#8221;][et_pb_row _builder_version=&#8221;4.22.1&#8243; _module_preset=&#8221;default&#8221; global_colors_info=&#8221;{}&#8221;][et_pb_column type=&#8221;4_4&#8243; _builder_version=&#8221;4.22.1&#8243; _module_preset=&#8221;default&#8221; global_colors_info=&#8221;{}&#8221;][et_pb_text _builder_version=&#8221;4.22.1&#8243; _module_preset=&#8221;default&#8221; text_font=&#8221;Lato|700||||on|||&#8221; text_text_color=&#8221;#032175&#8243; text_font_size=&#8221;18px&#8221; header_font=&#8221;Lato|900||||on|||&#8221; header_text_color=&#8221;#032175&#8243; global_colors_info=&#8221;{}&#8221;]<\/p>\n<h1>What is exactly <span style=\"color: #33cccc;\">D<\/span>ivikey?<\/h1>\n<p>[\/et_pb_text][et_pb_text _builder_version=&#8221;4.27.0&#8243; _module_preset=&#8221;default&#8221; text_font=&#8221;Lato||||||||&#8221; text_text_color=&#8221;#032175&#8243; text_font_size=&#8221;18px&#8221; hover_enabled=&#8221;0&#8243; global_colors_info=&#8221;{}&#8221; sticky_enabled=&#8221;0&#8243; header_4_font=&#8221;Lato|900||on|||||&#8221; header_4_text_color=&#8221;#032175&#8243;]<\/p>\n<h4><strong>Apprendre avec Divikeys<\/strong><\/h4>\n<p>Bienvenue sur la page &#8220;Apprendre avec Divikeys&#8221; ! Que vous soyez un futur porteur de projet ou un investisseur potentiel, nous sommes ici pour vous guider et vous informer sur les meilleures pratiques et les opportunit\u00e9s offertes par le financement participatif.<\/p>\n<p>[\/et_pb_text][et_pb_text _builder_version=&#8221;4.27.0&#8243; _module_preset=&#8221;default&#8221; text_font=&#8221;Lato||||||||&#8221; text_text_color=&#8221;#032175&#8243; text_font_size=&#8221;18px&#8221; header_font=&#8221;Lato|700||||on|||&#8221; header_text_color=&#8221;#032175&#8243; header_3_font=&#8221;Lato|900||||on|||&#8221; header_3_text_color=&#8221;#032175&#8243; hover_enabled=&#8221;0&#8243; global_colors_info=&#8221;{}&#8221; header_4_font=&#8221;Lato|700||on|||||&#8221; header_4_text_color=&#8221;#032175&#8243; sticky_enabled=&#8221;0&#8243;]<\/p>\n<h4><strong>Pourquoi Devenir Porteur de Projet ?<\/strong><\/h4>\n<p>Devenir porteur de projet avec Divikeys vous offre une chance unique de concr\u00e9tiser vos id\u00e9es. En apprenant \u00e0 structurer et \u00e0 pr\u00e9senter votre projet, vous augmentez vos chances de succ\u00e8s et de financement. Divikeys vous aide \u00e0 comprendre les \u00e9l\u00e9ments cl\u00e9s d\u2019une proposition de valeur solide, \u00e0 analyser votre march\u00e9 cible et \u00e0 cr\u00e9er une campagne de financement efficace. Nos ressources et nos conseils sont con\u00e7us pour vous soutenir \u00e0 chaque \u00e9tape, de la conception \u00e0 la r\u00e9alisation.<\/p>\n<p>[\/et_pb_text][et_pb_text _builder_version=&#8221;4.27.0&#8243; _module_preset=&#8221;default&#8221; text_font=&#8221;Lato||||||||&#8221; text_text_color=&#8221;#032175&#8243; text_font_size=&#8221;18px&#8221; header_3_font=&#8221;Lato|900||||on|||&#8221; header_3_text_color=&#8221;#032175&#8243; hover_enabled=&#8221;0&#8243; global_colors_info=&#8221;{}&#8221; header_4_font=&#8221;Lato|700||on|||||&#8221; header_4_text_color=&#8221;#032175&#8243; sticky_enabled=&#8221;0&#8243;]<\/p>\n<div class=\"flex-1 overflow-hidden\">\n<div class=\"react-scroll-to-bottom--css-ckatr-79elbk h-full dark:bg-gray-800\">\n<div class=\"react-scroll-to-bottom--css-ckatr-1n7m0yu\">\n<div class=\"flex flex-col text-sm dark:bg-gray-800\">\n<div class=\"group w-full text-token-text-primary border-b border-black\/10 dark:border-gray-900\/50 bg-gray-50 dark:bg-[#444654]\">\n<div class=\"flex p-4 gap-4 text-base md:gap-6 md:max-w-2xl lg:max-w-[38rem] xl:max-w-3xl md:py-6 lg:px-0 m-auto\">\n<div class=\"relative flex w-[calc(100%-50px)] flex-col gap-1 md:gap-3 lg:w-[calc(100%-115px)]\">\n<div class=\"flex flex-grow flex-col gap-3 max-w-full\">\n<div class=\"min-h-[20px] flex flex-col items-start gap-3 overflow-x-auto whitespace-pre-wrap break-words\">\n<div class=\"markdown prose w-full break-words dark:prose-invert light\">\n<h4><strong>Avantages pour les Investisseurs<\/strong><\/h4>\n<p>Investir via Divikeys pr\u00e9sente de nombreux avantages. Vous diversifiez votre portefeuille tout en soutenant des projets locaux qui ont un impact direct sur la communaut\u00e9. Nous fournissons des outils pour vous aider \u00e0 \u00e9valuer les risques et \u00e0 comprendre les rendements potentiels. Apprendre \u00e0 investir de mani\u00e8re inform\u00e9e et strat\u00e9gique peut vous permettre de maximiser vos gains tout en minimisant les risques. Nous mettons \u00e0 votre disposition des informations d\u00e9taill\u00e9es sur chaque projet, ainsi que des conseils d\u2019experts pour vous guider dans vos d\u00e9cisions d\u2019investissement.<\/p>\n<\/div>\n<\/div>\n<\/div>\n<\/div>\n<\/div>\n<\/div>\n<\/div>\n<\/div>\n<\/div>\n<\/div>\n<p>[\/et_pb_text][et_pb_text _builder_version=&#8221;4.27.0&#8243; _module_preset=&#8221;default&#8221; text_font=&#8221;Lato||||||||&#8221; text_text_color=&#8221;#032175&#8243; text_font_size=&#8221;18px&#8221; header_3_font=&#8221;Lato|900||||on|||&#8221; header_3_text_color=&#8221;#032175&#8243; hover_enabled=&#8221;0&#8243; global_colors_info=&#8221;{}&#8221; header_4_font=&#8221;Lato|700||on|||||&#8221; header_4_text_color=&#8221;#032175&#8243; sticky_enabled=&#8221;0&#8243;]<\/p>\n<h4><strong>Formation et \u00c9ducation<\/strong><\/h4>\n<p>Chez Divikeys, nous croyons en l\u2019importance de l\u2019\u00e9ducation financi\u00e8re. C\u2019est pourquoi nous offrons des ressources p\u00e9dagogiques compl\u00e8tes pour les porteurs de projets et les investisseurs. Nos webinaires, guides pratiques, et ateliers sont con\u00e7us pour am\u00e9liorer vos comp\u00e9tences et votre compr\u00e9hension du financement participatif. Que vous soyez novice ou exp\u00e9riment\u00e9, nos programmes \u00e9ducatifs vous fourniront les connaissances n\u00e9cessaires pour naviguer avec succ\u00e8s dans le monde du crowdfunding.<\/p>\n<h4><strong>Acc\u00e8s aux Experts<\/strong><\/h4>\n<p>En rejoignant Divikeys, vous b\u00e9n\u00e9ficiez d\u2019un acc\u00e8s privil\u00e9gi\u00e9 \u00e0 un r\u00e9seau d\u2019experts dans divers domaines tels que la finance, le droit, l\u2019immobilier et la technologie. Ces experts sont l\u00e0 pour vous offrir des conseils personnalis\u00e9s et des analyses approfondies. Leur expertise est essentielle pour aider les porteurs de projets \u00e0 affiner leurs propositions et pour guider les investisseurs dans leurs choix. Apprendre avec Divikeys signifie profiter d\u2019un soutien professionnel tout au long de votre parcours.<\/p>\n<p>[\/et_pb_text][et_pb_text _builder_version=&#8221;4.27.0&#8243; _module_preset=&#8221;default&#8221; text_font=&#8221;Lato||||||||&#8221; text_text_color=&#8221;#032175&#8243; text_font_size=&#8221;18px&#8221; header_3_font=&#8221;Lato|900||||on|||&#8221; header_3_text_color=&#8221;#032175&#8243; hover_enabled=&#8221;0&#8243; global_colors_info=&#8221;{}&#8221; sticky_enabled=&#8221;0&#8243; header_4_font=&#8221;Lato|700||on|||||&#8221; header_4_text_color=&#8221;#032175&#8243;]<\/p>\n<h4><strong>Communaut\u00e9 et R\u00e9seau<\/strong><\/h4>\n<p>Divikeys n\u2019est pas seulement une plateforme de financement, c\u2019est aussi une communaut\u00e9. En tant que membre, vous pouvez interagir avec d\u2019autres porteurs de projets et investisseurs, \u00e9changer des id\u00e9es et des exp\u00e9riences, et construire des relations professionnelles durables. Notre communaut\u00e9 est un lieu d\u2019apprentissage mutuel et de collaboration, o\u00f9 chacun peut partager ses connaissances et s\u2019entraider pour atteindre ses objectifs.<\/p>\n<h4><strong>Innover et Progresser<\/strong><\/h4>\n<p>Le monde du financement participatif est en constante \u00e9volution, et chez Divikeys, nous nous engageons \u00e0 rester \u00e0 la pointe de l\u2019innovation. En apprenant avec nous, vous serez toujours inform\u00e9 des derni\u00e8res tendances, technologies et strat\u00e9gies dans le domaine du crowdfunding. Notre objectif est de vous fournir les outils et les connaissances n\u00e9cessaires pour r\u00e9ussir dans un environnement dynamique et comp\u00e9titif.<\/p>\n<p>&nbsp;<\/p>\n<p>&nbsp;<\/p>\n<p>Rejoignez Divikeys aujourd&#8217;hui et commencez votre parcours d&#8217;apprentissage pour devenir un porteur de projet r\u00e9ussi ou un investisseur avis\u00e9. Ensemble, nous pouvons transformer vos ambitions en r\u00e9alit\u00e9.<\/p>\n<p>&nbsp;<\/p>\n<p>&nbsp;<\/p>\n<p>[\/et_pb_text][et_pb_button button_text=&#8221;Nous rejoindre&#8221; _builder_version=&#8221;4.27.0&#8243; _module_preset=&#8221;default&#8221; custom_button=&#8221;on&#8221; button_text_color=&#8221;#032175&#8243; button_border_width=&#8221;0px&#8221; button_border_color=&#8221;RGBA(255,255,255,0)&#8221; button_font=&#8221;Lato|||||on|||&#8221; button_icon=&#8221;&#x24;||divi||400&#8243; button_on_hover=&#8221;off&#8221; custom_margin=&#8221;||79px|||&#8221; hover_enabled=&#8221;0&#8243; box_shadow_style=&#8221;preset3&#8243; box_shadow_blur=&#8221;0px&#8221; box_shadow_spread=&#8221;-10px&#8221; box_shadow_color=&#8221;#032175&#8243; global_colors_info=&#8221;{}&#8221; sticky_enabled=&#8221;0&#8243;][\/et_pb_button][\/et_pb_column][\/et_pb_row][\/et_pb_section][et_pb_section fb_built=&#8221;1&#8243; admin_label=&#8221;Features&#8221; _builder_version=&#8221;4.16&#8243; custom_padding=&#8221;11px|0px|100px|0px||&#8221; global_colors_info=&#8221;{}&#8221;][et_pb_row column_structure=&#8221;1_2,1_2&#8243; _builder_version=&#8221;4.16&#8243; custom_margin=&#8221;|||&#8221; global_colors_info=&#8221;{}&#8221;][et_pb_column type=&#8221;1_2&#8243; _builder_version=&#8221;4.16&#8243; custom_padding=&#8221;|||&#8221; global_colors_info=&#8221;{}&#8221; custom_padding__hover=&#8221;|||&#8221;][et_pb_text _builder_version=&#8221;4.27.0&#8243; text_font=&#8221;Lato||||||||&#8221; text_text_color=&#8221;#032175&#8243; text_font_size=&#8221;18px&#8221; header_font=&#8221;Lato|||||on|||&#8221; header_text_color=&#8221;#032175&#8243; header_2_font=&#8221;Lato|700||||on|||&#8221; header_2_text_color=&#8221;#032175&#8243; header_2_font_size=&#8221;45px&#8221; header_2_line_height=&#8221;1.5em&#8221; header_3_font=&#8221;Lato|700||||on|||&#8221; header_3_text_color=&#8221;#032175&#8243; text_orientation=&#8221;center&#8221; max_width=&#8221;800px&#8221; module_alignment=&#8221;center&#8221; hover_enabled=&#8221;0&#8243; locked=&#8221;off&#8221; global_colors_info=&#8221;{}&#8221; sticky_enabled=&#8221;0&#8243;]<\/p>\n<p>Chez Divikeys, nous int\u00e9grons la technologie blockchain pour assurer une transparence et une s\u00e9curit\u00e9 optimales dans toutes nos transactions. La blockchain permet de cr\u00e9er un registre d\u00e9centralis\u00e9 et immuable des transactions, garantissant ainsi que chaque mouvement de fonds est trac\u00e9 et v\u00e9rifiable. Cela renforce la confiance entre les porteurs de projets et les investisseurs en fournissant une preuve ind\u00e9l\u00e9bile des engagements et des remboursements. De plus, la blockchain facilite la tokenisation des actifs, offrant de nouvelles opportunit\u00e9s d&#8217;investissement, notamment dans l&#8217;immobilier de luxe et les projets cr\u00e9atifs. En adoptant cette technologie innovante, nous nous assurons que chaque projet b\u00e9n\u00e9ficie des avantages de la modernit\u00e9 tout en restant s\u00e9curis\u00e9 et transparent.<\/p>\n<p>[\/et_pb_text][\/et_pb_column][et_pb_column type=&#8221;1_2&#8243; _builder_version=&#8221;4.16&#8243; custom_padding=&#8221;|||&#8221; global_colors_info=&#8221;{}&#8221; custom_padding__hover=&#8221;|||&#8221;][et_pb_image src=&#8221;http:\/\/divikeys.com\/wp-content\/uploads\/2023\/08\/working-remotely-1.jpg&#8221; title_text=&#8221;Businessman working with computer and talking on phone on the be&#8221; force_fullwidth=&#8221;on&#8221; _builder_version=&#8221;4.22.1&#8243; _module_preset=&#8221;default&#8221; background_enable_image=&#8221;off&#8221; global_colors_info=&#8221;{}&#8221;][\/et_pb_image][\/et_pb_column][\/et_pb_row][et_pb_row _builder_version=&#8221;4.16&#8243; global_colors_info=&#8221;{}&#8221;][et_pb_column type=&#8221;4_4&#8243; _builder_version=&#8221;4.16&#8243; global_colors_info=&#8221;{}&#8221;][et_pb_button button_text=&#8221;En savoir plus&#8221; button_alignment=&#8221;center&#8221; _builder_version=&#8221;4.27.0&#8243; custom_button=&#8221;on&#8221; button_text_color=&#8221;#122163&#8243; button_border_width=&#8221;-1px&#8221; button_border_color=&#8221;rgba(0,0,0,0)&#8221; button_font=&#8221;|||||on|||&#8221; button_icon=&#8221;&#x24;||divi||400&#8243; button_on_hover=&#8221;off&#8221; hover_enabled=&#8221;0&#8243; box_shadow_style=&#8221;preset3&#8243; box_shadow_blur=&#8221;0px&#8221; box_shadow_spread=&#8221;-10px&#8221; box_shadow_color=&#8221;#122163&#8243; global_colors_info=&#8221;{}&#8221; sticky_enabled=&#8221;0&#8243;][\/et_pb_button][\/et_pb_column][\/et_pb_row][\/et_pb_section]<\/p>\n","protected":false},"excerpt":{"rendered":"<p>Apprendre avec divikeysWhat is exactly Divikey?Apprendre avec Divikeys Bienvenue sur la page &#8220;Apprendre avec Divikeys&#8221; ! Que vous soyez un futur porteur de projet ou un investisseur potentiel, nous sommes ici pour vous guider et vous informer sur les meilleures pratiques et les opportunit\u00e9s offertes par le financement participatif.Pourquoi Devenir Porteur de Projet ? Devenir [&hellip;]<\/p>\n","protected":false},"author":1,"featured_media":0,"parent":0,"menu_order":0,"comment_status":"closed","ping_status":"closed","template":"","meta":{"_et_pb_use_builder":"on","_et_pb_old_content":"","_et_gb_content_width":"","_monsterinsights_skip_tracking":false,"_monsterinsights_sitenote_active":false,"_monsterinsights_sitenote_note":"","_monsterinsights_sitenote_category":0,"_uf_show_specific_survey":0,"_uf_disable_surveys":false,"footnotes":""},"class_list":["post-30","page","type-page","status-publish","hentry"],"aioseo_notices":[],"_links":{"self":[{"href":"https:\/\/divikeys.com\/index.php\/wp-json\/wp\/v2\/pages\/30"}],"collection":[{"href":"https:\/\/divikeys.com\/index.php\/wp-json\/wp\/v2\/pages"}],"about":[{"href":"https:\/\/divikeys.com\/index.php\/wp-json\/wp\/v2\/types\/page"}],"author":[{"embeddable":true,"href":"https:\/\/divikeys.com\/index.php\/wp-json\/wp\/v2\/users\/1"}],"replies":[{"embeddable":true,"href":"https:\/\/divikeys.com\/index.php\/wp-json\/wp\/v2\/comments?post=30"}],"version-history":[{"count":6,"href":"https:\/\/divikeys.com\/index.php\/wp-json\/wp\/v2\/pages\/30\/revisions"}],"predecessor-version":[{"id":987513089,"href":"https:\/\/divikeys.com\/index.php\/wp-json\/wp\/v2\/pages\/30\/revisions\/987513089"}],"wp:attachment":[{"href":"https:\/\/divikeys.com\/index.php\/wp-json\/wp\/v2\/media?parent=30"}],"curies":[{"name":"wp","href":"https:\/\/api.w.org\/{rel}","templated":true}]}}