{"id":987511942,"date":"2023-08-30T23:24:46","date_gmt":"2023-08-30T22:24:46","guid":{"rendered":"https:\/\/divikeys.com\/?page_id=987511942"},"modified":"2024-07-30T06:01:17","modified_gmt":"2024-07-30T05:01:17","slug":"listing-digital","status":"publish","type":"page","link":"https:\/\/divikeys.com\/index.php\/listing-digital\/","title":{"rendered":"Crowdequity"},"content":{"rendered":"<p>[et_pb_section fb_built=&#8221;1&#8243; _builder_version=&#8221;4.22.1&#8243; _module_preset=&#8221;default&#8221; background_image=&#8221;http:\/\/divikeys.com\/wp-content\/uploads\/2023\/08\/fond-listing.png&#8221; background_enable_video_mp4=&#8221;off&#8221; width=&#8221;100%&#8221; max_width=&#8221;100%&#8221; height=&#8221;100%&#8221; max_height=&#8221;100%&#8221; global_colors_info=&#8221;{}&#8221;][et_pb_row use_custom_gutter=&#8221;on&#8221; gutter_width=&#8221;1&#8243; make_equal=&#8221;on&#8221; _builder_version=&#8221;4.22.1&#8243; _module_preset=&#8221;default&#8221; background_color=&#8221;rgba(255,255,255,0.61)&#8221; use_background_color_gradient=&#8221;on&#8221; background_color_gradient_stops=&#8221;rgba(224,153,0,0.16) 0%|rgba(11,188,182,0.46) 100%&#8221; width=&#8221;100%&#8221; max_width=&#8221;100%&#8221; min_height=&#8221;100%&#8221; height=&#8221;100%&#8221; max_height=&#8221;100%&#8221; custom_margin=&#8221;-55px||-55px||false|false&#8221; custom_margin_tablet=&#8221;-55px||-55px||false|false&#8221; custom_margin_phone=&#8221;-55px||-55px||false|false&#8221; custom_margin_last_edited=&#8221;on|desktop&#8221; global_colors_info=&#8221;{}&#8221;][et_pb_column type=&#8221;4_4&#8243; _builder_version=&#8221;4.22.0&#8243; _module_preset=&#8221;default&#8221; global_colors_info=&#8221;{}&#8221;][et_pb_text _builder_version=&#8221;4.25.1&#8243; header_font=&#8221;Lato|700||||on|||&#8221; header_text_color=&#8221;#032175&#8243; header_font_size=&#8221;75px&#8221; background_color=&#8221;rgba(0,0,0,0)&#8221; max_width=&#8221;76.6%&#8221; max_width_tablet=&#8221;76.6%&#8221; max_width_phone=&#8221;76.6%&#8221; max_width_last_edited=&#8221;on|phone&#8221; min_height=&#8221;273px&#8221; custom_margin=&#8221;86px|165px|86px||true|false&#8221; custom_margin_tablet=&#8221;86px|165px|86px||true|false&#8221; custom_margin_phone=&#8221;86px|121px|86px||true|false&#8221; custom_margin_last_edited=&#8221;on|phone&#8221; custom_padding=&#8221;90px|0px||112px|false|false&#8221; custom_padding_tablet=&#8221;90px|0px||112px|false|false&#8221; custom_padding_phone=&#8221;90px|0px||112px|false|false&#8221; custom_padding_last_edited=&#8221;on|phone&#8221; animation_style=&#8221;fade&#8221; animation_delay=&#8221;50ms&#8221; animation_starting_opacity=&#8221;2%&#8221; header_text_color_tablet=&#8221;#032175&#8243; header_text_color_phone=&#8221;#032175&#8243; header_text_color_last_edited=&#8221;on|desktop&#8221; header_font_size_tablet=&#8221;75px&#8221; header_font_size_phone=&#8221;27px&#8221; header_font_size_last_edited=&#8221;on|phone&#8221; global_colors_info=&#8221;{}&#8221; custom_margin__hover_enabled=&#8221;on|desktop&#8221; custom_margin__hover=&#8221;86px|165px|86px||true|false&#8221;]<\/p>\n<h1>Crowdequity<\/h1>\n<p>[\/et_pb_text][\/et_pb_column][\/et_pb_row][\/et_pb_section][et_pb_section fb_built=&#8221;1&#8243; admin_label=&#8221;Hero section&#8221; _builder_version=&#8221;4.22.0&#8243; background_enable_color=&#8221;off&#8221; background_enable_image=&#8221;off&#8221; parallax=&#8221;on&#8221; background_enable_video_mp4=&#8221;off&#8221; custom_margin=&#8221;|||&#8221; custom_padding=&#8221;0%||1.6%|||&#8221; bottom_divider_color=&#8221;#f4f4f4&#8243; bottom_divider_height=&#8221;244px&#8221; global_colors_info=&#8221;{}&#8221;][et_pb_row _builder_version=&#8221;4.22.1&#8243; global_colors_info=&#8221;{}&#8221;][et_pb_column type=&#8221;4_4&#8243; _builder_version=&#8221;4.16&#8243; global_colors_info=&#8221;{}&#8221;][et_pb_text _builder_version=&#8221;4.25.1&#8243; text_font=&#8221;Lato|||||on|||&#8221; text_text_color=&#8221;#032175&#8243; text_font_size=&#8221;18px&#8221; text_line_height=&#8221;1.8em&#8221; header_font=&#8221;|800||||on|||&#8221; header_text_color=&#8221;#032175&#8243; header_font_size=&#8221;32px&#8221; header_2_font=&#8221;Lato|700||||on|||&#8221; header_2_text_color=&#8221;#032175&#8243; header_3_font=&#8221;Lato|700||||on|||&#8221; header_3_text_color=&#8221;#032175&#8243; header_3_font_size=&#8221;23px&#8221; custom_margin=&#8221;||1px|||&#8221; custom_padding=&#8221;||17px|||&#8221; global_colors_info=&#8221;{}&#8221;]<\/p>\n<p>&nbsp;<\/p>\n<h1>Investissez dans des projets porteurs avec le crowdequity<\/h1>\n<p>&nbsp;<\/p>\n<p>Chez Divikeys, nous proposons une nouvelle fa\u00e7on d&#8217;investir dans des entreprises \u00e0 fort potentiel gr\u00e2ce au crowdequity. Cette forme de financement participatif vous permet de devenir actionnaire minoritaire de soci\u00e9t\u00e9s innovantes et \u00e0 fort taux de croissance.<\/p>\n<p><strong>Le Crowdequity, qu&#8217;est-ce que c&#8217;est ?<\/strong><\/p>\n<p>Le crowdequity (ou \u00e9quity crowdfunding) est un mode de financement qui permet \u00e0 des entreprises de lever des fonds aupr\u00e8s d&#8217;investisseurs particuliers, en \u00e9change d&#8217;une partie du capital. Concr\u00e8tement, vous souscrivez \u00e0 une augmentation de capital et devenez actionnaire minoritaire de la soci\u00e9t\u00e9.<\/p>\n<p>Les avantages pour les investisseurs : <br \/>&#8211; Acc\u00e8s \u00e0 des opportunit\u00e9s d&#8217;investissement exclusives<br \/>&#8211; Potentiel de plus-values cons\u00e9quentes \u00e0 la revente des titres<br \/>&#8211; Participation au d\u00e9veloppement de soci\u00e9t\u00e9s prometteuses<br \/>&#8211; Diversification de votre portefeuille<\/p>\n<p><strong>Comment \u00e7a marche ?<\/strong><\/p>\n<p>1. S\u00e9lection rigoureuse des projets<br \/>Nos experts analysent et valident les dossiers des soci\u00e9t\u00e9s candidates en fonction de crit\u00e8res stricts : activit\u00e9, mod\u00e8le \u00e9conomique, \u00e9quipe, projections financi\u00e8res, etc.<\/p>\n<p>2. \u00c9tude d\u00e9taill\u00e9e pour les investisseurs<br \/>Pour chaque projet s\u00e9lectionn\u00e9, vous acc\u00e9dez \u00e0 un dossier complet : pr\u00e9sentation, \u00e9tude de march\u00e9, business plan, conditions de l&#8217;augmentation de capital.<\/p>\n<p>3. Souscription et suivi en ligne<br \/>Vous choisissez le ou les projets qui vous int\u00e9ressent et souscrivez en ligne. Vous pourrez ensuite suivre l&#8217;actualit\u00e9 des soci\u00e9t\u00e9s et l&#8217;\u00e9volution de votre investissement.<\/p>\n<p>4. Potentielle sortie<br \/>\u00c0 l&#8217;\u00e9ch\u00e9ance pr\u00e9vue (g\u00e9n\u00e9ralement 5-7 ans), vous pourrez c\u00e9der vos titres avec une possible plus-value en cas de succ\u00e8s de la soci\u00e9t\u00e9.<\/p>\n<p><strong>Quels types de projets ?<\/strong><\/p>\n<p>Nous s\u00e9lectionnons principalement des soci\u00e9t\u00e9s innovantes de la French Tech, op\u00e9rant dans des secteurs porteurs comme :<\/p>\n<p>&#8211; Le num\u00e9rique et les nouvelles technologies <br \/>&#8211; L&#8217;environnement et les \u00e9nergies renouvelables<br \/>&#8211; Les biotechnologies et la sant\u00e9<br \/>&#8211; Le tourisme et les services<\/p>\n<p>Une question, un projet ? Nos experts investisseurs se tiennent \u00e0 votre disposition pour vous guider dans cette nouvelle forme d&#8217;investissement \u00e0 fort potentiel.<\/p>\n<p>[\/et_pb_text][et_pb_button button_text=&#8221;Investissez maintenant&#8221; _builder_version=&#8221;4.25.1&#8243; _module_preset=&#8221;default&#8221; custom_button=&#8221;on&#8221; button_text_color=&#8221;#032175&#8243; button_border_color=&#8221;RGBA(255,255,255,0)&#8221; button_icon=&#8221;&#x24;||divi||400&#8243; button_on_hover=&#8221;off&#8221; box_shadow_style=&#8221;preset3&#8243; box_shadow_blur=&#8221;0px&#8221; box_shadow_spread=&#8221;-10px&#8221; box_shadow_color=&#8221;#032175&#8243; global_colors_info=&#8221;{}&#8221;][\/et_pb_button][\/et_pb_column][\/et_pb_row][\/et_pb_section][et_pb_section fb_built=&#8221;1&#8243; admin_label=&#8221;How It Works&#8221; module_class=&#8221;has-transform&#8221; _builder_version=&#8221;4.22.0&#8243; background_color=&#8221;#f8f8f8&#8243; transform_scale_linked=&#8221;off&#8221; transform_translate=&#8221;0px|100%&#8221; transform_translate_linked=&#8221;off&#8221; positioning=&#8221;fixed&#8221; position_origin_f=&#8221;bottom_left&#8221; z_index=&#8221;13&#8243; height_last_edited=&#8221;off|phone&#8221; custom_padding=&#8221;0px||||false|false&#8221; overflow-x_tablet=&#8221;scroll&#8221; overflow-x_last_edited=&#8221;off|desktop&#8221; overflow-y_tablet=&#8221;&#8221; overflow-y_phone=&#8221;&#8221; overflow-y_last_edited=&#8221;on|tablet&#8221; global_colors_info=&#8221;{}&#8221;][et_pb_row _builder_version=&#8221;4.22.0&#8243; position_origin_f=&#8221;top_center&#8221; custom_padding=&#8221;0px||0px||false|false&#8221; global_colors_info=&#8221;{}&#8221;][et_pb_column type=&#8221;4_4&#8243; _builder_version=&#8221;4.22.0&#8243; custom_padding=&#8221;||50px||false|false&#8221; global_colors_info=&#8221;{}&#8221;][et_pb_blurb use_icon=&#8221;on&#8221; font_icon=&#8221;&#x25;||divi||400&#8243; icon_color=&#8221;#ffffff&#8221; image_icon_background_color=&#8221;#032175&#8243; image_icon_width=&#8221;17px&#8221; module_class=&#8221;drawer-target&#8221; _builder_version=&#8221;4.22.0&#8243; body_font=&#8221;||||||||&#8221; background_color=&#8221;#032175&#8243; image_icon_custom_padding=&#8221;25px|25px|25px|25px|false|false&#8221; transform_scale_last_edited=&#8221;off|desktop&#8221; transform_translate=&#8221;-50%|-250%&#8221; transform_translate_last_edited=&#8221;off|desktop&#8221; transform_translate_linked=&#8221;off&#8221; transform_rotate=&#8221;0deg|0deg|45deg&#8221; transform_rotate_last_edited=&#8221;off|desktop&#8221; transform_skew_last_edited=&#8221;off|desktop&#8221; transform_origin_last_edited=&#8221;off|desktop&#8221; transform_styles_last_edited=&#8221;off|desktop&#8221; positioning=&#8221;absolute&#8221; position_origin_a=&#8221;top_center&#8221; vertical_offset=&#8221;0px&#8221; width=&#8221;30px&#8221; height=&#8221;30px&#8221; animation=&#8221;off&#8221; border_radii_image=&#8221;on|100%|100%|100%|100%&#8221; icon_font_size=&#8221;17px&#8221; use_circle=&#8221;on&#8221; circle_color=&#8221;#081540&#8243; global_colors_info=&#8221;{}&#8221; transform_styles__hover_enabled=&#8221;off|hover&#8221; transform_scale__hover_enabled=&#8221;off|hover&#8221; transform_translate__hover_enabled=&#8221;off|hover&#8221; transform_rotate__hover_enabled=&#8221;off|hover&#8221; transform_skew__hover_enabled=&#8221;off|hover&#8221; transform_origin__hover_enabled=&#8221;off|hover&#8221; transform_rotate__hover=&#8221;0deg|0deg|45deg&#8221; image_icon_background_color__sticky_enabled=&#8221;#2ea3f2&#8243; image_icon_background_color__sticky=&#8221;#2ea3f2&#8243;][\/et_pb_blurb][et_pb_code raw_content_tablet=&#8221;&#8221; raw_content_phone=&#8221;&#8221; raw_content_last_edited=&#8221;on|phone&#8221; _builder_version=&#8221;4.22.0&#8243; global_colors_info=&#8221;{}&#8221;]<\/p>\n<style><!-- [et_pb_line_break_holder] -->  .has-transform, .drawer-target {<!-- [et_pb_line_break_holder] -->    transition: all 400ms ease-in-out;<!-- [et_pb_line_break_holder] -->  } <!-- [et_pb_line_break_holder] -->  .toggle-drawer-animation {<!-- [et_pb_line_break_holder] -->    transform: none !important;<!-- [et_pb_line_break_holder] -->  }<!-- [et_pb_line_break_holder] -->  .toggle-icon-animation {<!-- [et_pb_line_break_holder] -->    transform: rotate(-135deg) !important;<!-- [et_pb_line_break_holder] -->  }  <!-- [et_pb_line_break_holder] -->  .drawer-target {<!-- [et_pb_line_break_holder] -->    cursor: pointer;<!-- [et_pb_line_break_holder] -->  }<!-- [et_pb_line_break_holder] --><!-- [et_pb_line_break_holder] --><\/style>\n<p><!-- [et_pb_line_break_holder] --><!-- [et_pb_line_break_holder] --><script><!-- [et_pb_line_break_holder] -->(function($) {<!-- [et_pb_line_break_holder] -->  $(document).ready(function(){<!-- [et_pb_line_break_holder] -->    $('.drawer-target').click(function(){<!-- [et_pb_line_break_holder] -->      $(this).toggleClass('toggle-icon-animation');      <!-- [et_pb_line_break_holder] -->      $('.has-transform').toggleClass('toggle-drawer-animation');   <!-- [et_pb_line_break_holder] -->    });    <!-- [et_pb_line_break_holder] -->  });<!-- [et_pb_line_break_holder] -->})( jQuery );   <!-- [et_pb_line_break_holder] --><\/script>[\/et_pb_code][\/et_pb_column][\/et_pb_row][et_pb_row _builder_version=&#8221;4.16&#8243; locked=&#8221;off&#8221; global_colors_info=&#8221;{}&#8221;][et_pb_column type=&#8221;4_4&#8243; _builder_version=&#8221;4.16&#8243; global_colors_info=&#8221;{}&#8221;][et_pb_text _builder_version=&#8221;4.22.0&#8243; text_font=&#8221;Lato|||||on|||&#8221; text_font_size=&#8221;20px&#8221; header_2_font=&#8221;Lato|700||||on|||&#8221; header_2_text_align=&#8221;center&#8221; header_2_text_color=&#8221;#032175&#8243; header_2_font_size=&#8221;45px&#8221; header_2_line_height=&#8221;1.2em&#8221; text_orientation=&#8221;center&#8221; max_width=&#8221;700px&#8221; module_alignment=&#8221;center&#8221; header_2_font_size_tablet=&#8221;35px&#8221; header_2_font_size_phone=&#8221;25px&#8221; header_2_font_size_last_edited=&#8221;on|desktop&#8221; locked=&#8221;off&#8221; global_colors_info=&#8221;{}&#8221; header_2_2_font_size_tablet=&#8221;36px&#8221; header_3_2_font_size_tablet=&#8221;36px&#8221; header_4_2_font_size_tablet=&#8221;36px&#8221; header_5_2_font_size_tablet=&#8221;36px&#8221; header_6_2_font_size_tablet=&#8221;36px&#8221; header_2_2_font_size_phone=&#8221;24px&#8221; header_3_2_font_size_phone=&#8221;24px&#8221; header_4_2_font_size_phone=&#8221;24px&#8221; header_5_2_font_size_phone=&#8221;24px&#8221; header_6_2_font_size_phone=&#8221;24px&#8221; header_2_2_font_size_last_edited=&#8221;on|phone&#8221; header_3_2_font_size_last_edited=&#8221;on|phone&#8221; header_4_2_font_size_last_edited=&#8221;on|phone&#8221; header_5_2_font_size_last_edited=&#8221;on|phone&#8221; header_6_2_font_size_last_edited=&#8221;on|phone&#8221;]<\/p>\n<h2>Be the first to know about new opportunities and latest listing.<\/h2>\n<p>[\/et_pb_text][\/et_pb_column][\/et_pb_row][et_pb_row _builder_version=&#8221;4.22.0&#8243; global_colors_info=&#8221;{}&#8221;][et_pb_column type=&#8221;4_4&#8243; _builder_version=&#8221;4.22.0&#8243; global_colors_info=&#8221;{}&#8221;][et_pb_button button_url=&#8221;@ET-DC@eyJkeW5hbWljIjp0cnVlLCJjb250ZW50IjoicG9zdF9saW5rX3VybF9wYWdlIiwic2V0dGluZ3MiOnsicG9zdF9pZCI6IjM0In19@&#8221; button_text=&#8221;Contact us&#8221; button_alignment=&#8221;center&#8221; _builder_version=&#8221;4.22.0&#8243; _dynamic_attributes=&#8221;button_url&#8221; _module_preset=&#8221;default&#8221; custom_button=&#8221;on&#8221; button_text_color=&#8221;#FFFFFF&#8221; button_bg_color=&#8221;#032175&#8243; button_border_width=&#8221;0px&#8221; button_border_radius=&#8221;0px&#8221; global_colors_info=&#8221;{}&#8221;][\/et_pb_button][\/et_pb_column][\/et_pb_row][\/et_pb_section]<\/p>\n","protected":false},"excerpt":{"rendered":"<p>Crowdequity&nbsp; Investissez dans des projets porteurs avec le crowdequity &nbsp; Chez Divikeys, nous proposons une nouvelle fa\u00e7on d&#8217;investir dans des entreprises \u00e0 fort potentiel gr\u00e2ce au crowdequity. Cette forme de financement participatif vous permet de devenir actionnaire minoritaire de soci\u00e9t\u00e9s innovantes et \u00e0 fort taux de croissance. Le Crowdequity, qu&#8217;est-ce que c&#8217;est ? Le crowdequity [&hellip;]<\/p>\n","protected":false},"author":1,"featured_media":0,"parent":0,"menu_order":0,"comment_status":"closed","ping_status":"closed","template":"","meta":{"_et_pb_use_builder":"on","_et_pb_old_content":"<!-- wp:divi\/placeholder \/-->","_et_gb_content_width":"","_monsterinsights_skip_tracking":false,"_monsterinsights_sitenote_active":false,"_monsterinsights_sitenote_note":"","_monsterinsights_sitenote_category":0,"_uf_show_specific_survey":0,"_uf_disable_surveys":false,"footnotes":""},"class_list":["post-987511942","page","type-page","status-publish","hentry"],"aioseo_notices":[],"_links":{"self":[{"href":"https:\/\/divikeys.com\/index.php\/wp-json\/wp\/v2\/pages\/987511942"}],"collection":[{"href":"https:\/\/divikeys.com\/index.php\/wp-json\/wp\/v2\/pages"}],"about":[{"href":"https:\/\/divikeys.com\/index.php\/wp-json\/wp\/v2\/types\/page"}],"author":[{"embeddable":true,"href":"https:\/\/divikeys.com\/index.php\/wp-json\/wp\/v2\/users\/1"}],"replies":[{"embeddable":true,"href":"https:\/\/divikeys.com\/index.php\/wp-json\/wp\/v2\/comments?post=987511942"}],"version-history":[{"count":8,"href":"https:\/\/divikeys.com\/index.php\/wp-json\/wp\/v2\/pages\/987511942\/revisions"}],"predecessor-version":[{"id":987513088,"href":"https:\/\/divikeys.com\/index.php\/wp-json\/wp\/v2\/pages\/987511942\/revisions\/987513088"}],"wp:attachment":[{"href":"https:\/\/divikeys.com\/index.php\/wp-json\/wp\/v2\/media?parent=987511942"}],"curies":[{"name":"wp","href":"https:\/\/api.w.org\/{rel}","templated":true}]}}