{"id":987511975,"date":"2024-06-05T01:50:45","date_gmt":"2024-06-05T00:50:45","guid":{"rendered":"https:\/\/divikeys.com\/?page_id=987511975"},"modified":"2024-07-25T17:11:35","modified_gmt":"2024-07-25T16:11:35","slug":"avertissement-sur-les-risques","status":"publish","type":"page","link":"https:\/\/divikeys.com\/index.php\/avertissement-sur-les-risques\/","title":{"rendered":"Avertissement Sur les Risques"},"content":{"rendered":"<p>[et_pb_section fb_built=&#8221;1&#8243; _builder_version=&#8221;4.25.1&#8243; _module_preset=&#8221;default&#8221; custom_padding=&#8221;||11px|||&#8221; global_colors_info=&#8221;{}&#8221;][\/et_pb_section][et_pb_section fb_built=&#8221;1&#8243; _builder_version=&#8221;4.25.1&#8243; _module_preset=&#8221;default&#8221; custom_padding=&#8221;0px|||||&#8221; global_colors_info=&#8221;{}&#8221;][et_pb_row _builder_version=&#8221;4.27.0&#8243; _module_preset=&#8221;default&#8221; global_colors_info=&#8221;{}&#8221;][et_pb_column type=&#8221;4_4&#8243; _builder_version=&#8221;4.25.1&#8243; _module_preset=&#8221;default&#8221; global_colors_info=&#8221;{}&#8221;][et_pb_text _builder_version=&#8221;4.27.0&#8243; _module_preset=&#8221;default&#8221; header_font=&#8221;Lato|900||on|||||&#8221; header_text_color=&#8221;#032175&#8243; global_colors_info=&#8221;{}&#8221;]<\/p>\n<h1>Avertissement Sur les Risques<\/h1>\n<p>[\/et_pb_text][et_pb_text _builder_version=&#8221;4.27.0&#8243; _module_preset=&#8221;default&#8221; header_font=&#8221;Lato|||on|||||&#8221; header_2_font=&#8221;Lato|||on|||||&#8221; header_3_font=&#8221;Lato|||on|||||&#8221; header_3_text_color=&#8221;#032175&#8243; global_colors_info=&#8221;{}&#8221;]<\/p>\n<h3><strong>Types de Risques Associ\u00e9s \u00e0 l&#8217;Investissement<\/strong><\/h3>\n<p>[\/et_pb_text][et_pb_text _builder_version=&#8221;4.27.0&#8243; _module_preset=&#8221;default&#8221; text_font=&#8221;Lato||||||||&#8221; text_text_color=&#8221;#000000&#8243; header_4_font=&#8221;Lato||||||||&#8221; header_4_text_color=&#8221;#031275&#8243; global_colors_info=&#8221;{}&#8221;]<\/p>\n<h4><strong>Risque de March\u00e9:<\/strong><\/h4>\n<p>Les investissements peuvent \u00eatre affect\u00e9s par des fluctuations du march\u00e9 qui peuvent influencer la valeur de vos placements. Les facteurs \u00e9conomiques, politiques et sociaux peuvent tous contribuer \u00e0 la volatilit\u00e9 du march\u00e9, ce qui peut entra\u00eener des pertes en capital<\/p>\n<p>[\/et_pb_text][et_pb_text _builder_version=&#8221;4.27.0&#8243; _module_preset=&#8221;default&#8221; text_font=&#8221;Lato||||||||&#8221; text_text_color=&#8221;#000000&#8243; header_4_font=&#8221;Lato||||||||&#8221; header_4_text_color=&#8221;#031275&#8243; global_colors_info=&#8221;{}&#8221;]<\/p>\n<h4><strong>Risque de Liquidit\u00e9:<\/strong><\/h4>\n<p>Les investissements non cot\u00e9s et les projets financ\u00e9s par le crowdfunding peuvent \u00eatre moins liquides que les actions cot\u00e9es en bourse. Il peut \u00eatre difficile de vendre rapidement un investissement sans une perte significative de valeur, surtout en cas de besoin de liquidit\u00e9 urgente.<\/p>\n<p>[\/et_pb_text][et_pb_text _builder_version=&#8221;4.27.0&#8243; _module_preset=&#8221;default&#8221; text_font=&#8221;Lato||||||||&#8221; text_text_color=&#8221;#000000&#8243; header_4_font=&#8221;Lato||||||||&#8221; header_4_text_color=&#8221;#031275&#8243; global_colors_info=&#8221;{}&#8221;]<\/p>\n<h4><strong>Risque de Cr\u00e9dit:<\/strong><\/h4>\n<p>Lorsque vous investissez dans des projets via des pr\u00eats ou des obligations, il existe un risque que l&#8217;emprunteur ne puisse pas rembourser le principal ou les int\u00e9r\u00eats dus. Ce risque de d\u00e9faut de paiement doit \u00eatre soigneusement \u00e9valu\u00e9 avant de s&#8217;engager.<\/p>\n<p>[\/et_pb_text][et_pb_text _builder_version=&#8221;4.27.0&#8243; _module_preset=&#8221;default&#8221; text_font=&#8221;Lato||||||||&#8221; text_text_color=&#8221;#000000&#8243; header_4_font=&#8221;Lato||||||||&#8221; header_4_text_color=&#8221;#031275&#8243; global_colors_info=&#8221;{}&#8221;]<\/p>\n<h4><strong>Risque Op\u00e9rationnel:<\/strong><\/h4>\n<p><strong><\/strong> Les projets peuvent rencontrer des difficult\u00e9s op\u00e9rationnelles impr\u00e9vues, comme des retards dans la construction, des probl\u00e8mes de gestion ou des complications r\u00e9glementaires. Ces facteurs peuvent affecter la performance et la rentabilit\u00e9 des investissements.<\/p>\n<p>[\/et_pb_text][et_pb_text _builder_version=&#8221;4.27.0&#8243; _module_preset=&#8221;default&#8221; text_font=&#8221;Lato||||||||&#8221; text_text_color=&#8221;#000000&#8243; header_4_font=&#8221;Lato||||||||&#8221; header_4_text_color=&#8221;#031275&#8243; global_colors_info=&#8221;{}&#8221;]<\/p>\n<h4><strong>Risque de Fraude<\/strong><\/h4>\n<p>Bien que Divikeys effectue une diligence rigoureuse pour s\u00e9lectionner les projets, il existe toujours un risque de fraude ou de mauvaise gestion des fonds. Nous nous effor\u00e7ons de minimiser ce risque en travaillant avec des partenaires de confiance et en mettant en place des mesures de contr\u00f4le strictes.<\/p>\n<p>[\/et_pb_text][et_pb_button button_url=&#8221;@ET-DC@eyJkeW5hbWljIjp0cnVlLCJjb250ZW50IjoicG9zdF9saW5rX3VybF9wYWdlIiwic2V0dGluZ3MiOnsicG9zdF9pZCI6Ijk4NzUxMjAxNyJ9fQ==@&#8221; button_text=&#8221;LEXIQUE&#8221; _builder_version=&#8221;4.27.0&#8243; _dynamic_attributes=&#8221;button_url&#8221; _module_preset=&#8221;default&#8221; custom_button=&#8221;on&#8221; button_text_color=&#8221;#032175&#8243; button_bg_color=&#8221;RGBA(255,255,255,0)&#8221; button_border_color=&#8221;RGBA(255,255,255,0)&#8221; box_shadow_style=&#8221;preset3&#8243; box_shadow_blur=&#8221;0px&#8221; box_shadow_spread=&#8221;-10px&#8221; box_shadow_color=&#8221;#032175&#8243; global_colors_info=&#8221;{}&#8221;][\/et_pb_button][et_pb_text _builder_version=&#8221;4.27.0&#8243; _module_preset=&#8221;default&#8221; header_font=&#8221;Lato|||on|||||&#8221; header_2_font=&#8221;Lato|||on|||||&#8221; header_3_font=&#8221;Lato|||on|||||&#8221; header_3_text_color=&#8221;#032175&#8243; global_colors_info=&#8221;{}&#8221;]<\/p>\n<h3><strong>Mesures d&#8217;Att\u00e9nuation des Risques<\/strong><\/h3>\n<p>[\/et_pb_text][et_pb_text _builder_version=&#8221;4.27.0&#8243; _module_preset=&#8221;default&#8221; text_font=&#8221;Lato||||||||&#8221; text_text_color=&#8221;#000000&#8243; header_4_font=&#8221;Lato||||||||&#8221; header_4_text_color=&#8221;#031275&#8243; custom_padding=&#8221;||6px|||&#8221; global_colors_info=&#8221;{}&#8221;]<\/p>\n<h4><strong>S\u00e9lection Rigoureuse des Projets:<\/strong><\/h4>\n<p>Nous appliquons un processus de s\u00e9lection strict pour \u00e9valuer la viabilit\u00e9 et le potentiel de chaque projet. Notre \u00e9quipe d&#8217;experts en finance, en droit et en gestion \u00e9value chaque opportunit\u00e9 en fonction de crit\u00e8res financiers, op\u00e9rationnels et de march\u00e9 rigoureux.<\/p>\n<p>[\/et_pb_text][et_pb_text _builder_version=&#8221;4.27.0&#8243; _module_preset=&#8221;default&#8221; text_font=&#8221;Lato||||||||&#8221; text_text_color=&#8221;#000000&#8243; header_4_font=&#8221;Lato||||||||&#8221; header_4_text_color=&#8221;#031275&#8243; custom_padding=&#8221;||6px|||&#8221; global_colors_info=&#8221;{}&#8221;]<\/p>\n<h4><strong>Diversification des Investissements:<\/strong><\/h4>\n<p>Nous recommandons \u00e0 nos investisseurs de diversifier leurs portefeuilles pour r\u00e9duire le risque global. En investissant dans une vari\u00e9t\u00e9 de projets et de secteurs, les investisseurs peuvent minimiser l&#8217;impact n\u00e9gatif de tout \u00e9chec individuel\u200b.<\/p>\n<p>[\/et_pb_text][et_pb_text _builder_version=&#8221;4.27.0&#8243; _module_preset=&#8221;default&#8221; text_font=&#8221;Lato||||||||&#8221; text_text_color=&#8221;#000000&#8243; header_4_font=&#8221;Lato||||||||&#8221; header_4_text_color=&#8221;#031275&#8243; custom_padding=&#8221;||6px|||&#8221; global_colors_info=&#8221;{}&#8221;]<\/p>\n<h4><strong>Transparence et Information:<\/strong><\/h4>\n<p>Divikeys s&#8217;engage \u00e0 fournir des informations compl\u00e8tes et transparentes sur chaque projet. Les investisseurs ont acc\u00e8s \u00e0 des documents d\u00e9taill\u00e9s, y compris les analyses de risques, les pr\u00e9visions financi\u00e8res et les rapports de suivi. Cette transparence permet aux investisseurs de prendre des d\u00e9cisions \u00e9clair\u00e9es<\/p>\n<p>[\/et_pb_text][et_pb_text _builder_version=&#8221;4.27.0&#8243; _module_preset=&#8221;default&#8221; text_font=&#8221;Lato||||||||&#8221; text_text_color=&#8221;#000000&#8243; header_4_font=&#8221;Lato||||||||&#8221; header_4_text_color=&#8221;#031275&#8243; custom_padding=&#8221;||6px|||&#8221; global_colors_info=&#8221;{}&#8221;]<\/p>\n<h4><strong>Suivi Continu et Reporting:<\/strong><\/h4>\n<p>Nous offrons un suivi r\u00e9gulier et des rapports d\u00e9taill\u00e9s sur l&#8217;\u00e9tat des projets financ\u00e9s. Les investisseurs re\u00e7oivent des mises \u00e0 jour fr\u00e9quentes sur les performances des investissements et les progr\u00e8s r\u00e9alis\u00e9s, ce qui leur permet de rester inform\u00e9s et de r\u00e9agir rapidement en cas de probl\u00e8me.<\/p>\n<p>[\/et_pb_text][et_pb_button button_url=&#8221;@ET-DC@eyJkeW5hbWljIjp0cnVlLCJjb250ZW50IjoicG9zdF9saW5rX3VybF9wYWdlIiwic2V0dGluZ3MiOnsicG9zdF9pZCI6Ijk4NzUxMjAxNSJ9fQ==@&#8221; button_text=&#8221;FAQ&#8221; _builder_version=&#8221;4.27.0&#8243; _dynamic_attributes=&#8221;button_url&#8221; _module_preset=&#8221;default&#8221; custom_button=&#8221;on&#8221; button_text_color=&#8221;#032175&#8243; button_bg_color=&#8221;RGBA(255,255,255,0)&#8221; button_border_color=&#8221;RGBA(255,255,255,0)&#8221; box_shadow_style=&#8221;preset3&#8243; box_shadow_blur=&#8221;0px&#8221; box_shadow_spread=&#8221;-10px&#8221; box_shadow_color=&#8221;#032175&#8243; global_colors_info=&#8221;{}&#8221;][\/et_pb_button][et_pb_text _builder_version=&#8221;4.27.0&#8243; _module_preset=&#8221;default&#8221; header_font=&#8221;Lato|||on|||||&#8221; header_2_font=&#8221;Lato|||on|||||&#8221; header_3_font=&#8221;Lato|||on|||||&#8221; header_3_text_color=&#8221;#032175&#8243; global_colors_info=&#8221;{}&#8221;]<\/p>\n<h3><strong>Responsabilit\u00e9 de l&#8217;Investisseur<\/strong><\/h3>\n<p>[\/et_pb_text][et_pb_text _builder_version=&#8221;4.27.0&#8243; _module_preset=&#8221;default&#8221; text_font=&#8221;Lato||||||||&#8221; text_text_color=&#8221;#000000&#8243; header_4_font=&#8221;Lato||||||||&#8221; header_4_text_color=&#8221;#031275&#8243; custom_padding=&#8221;||6px|||&#8221; global_colors_info=&#8221;{}&#8221;]<\/p>\n<h4><strong>\u00c9valuation Personnelle des Risques:<\/strong><\/h4>\n<p>Chaque investisseur doit \u00e9valuer sa propre tol\u00e9rance au risque et ses objectifs financiers avant de s&#8217;engager dans un investissement. Il est important de ne pas investir des fonds que vous ne pouvez pas vous permettre de perdre et de diversifier vos investissements pour g\u00e9rer les risques.<\/p>\n<p>[\/et_pb_text][et_pb_text _builder_version=&#8221;4.27.0&#8243; _module_preset=&#8221;default&#8221; text_font=&#8221;Lato||||||||&#8221; text_text_color=&#8221;#000000&#8243; header_4_font=&#8221;Lato||||||||&#8221; header_4_text_color=&#8221;#031275&#8243; custom_padding=&#8221;||6px|||&#8221; global_colors_info=&#8221;{}&#8221;]<\/p>\n<h4><strong>Consultation avec des Conseillers Financiers:<\/strong><\/h4>\n<p>Nous encourageons les investisseurs \u00e0 consulter des conseillers financiers ind\u00e9pendants pour obtenir des conseils personnalis\u00e9s et professionnels. Un conseiller financier peut aider \u00e0 \u00e9valuer les risques sp\u00e9cifiques et \u00e0 construire un portefeuille adapt\u00e9 \u00e0 vos besoins et \u00e0 votre profil de risque.<\/p>\n<p>[\/et_pb_text][et_pb_button button_url=&#8221;@ET-DC@eyJkeW5hbWljIjp0cnVlLCJjb250ZW50IjoicG9zdF9saW5rX3VybF9wYWdlIiwic2V0dGluZ3MiOnsicG9zdF9pZCI6Ijk4NzUxMTk2OSJ9fQ==@&#8221; button_text=&#8221;Comprendre le financement participatif&#8221; _builder_version=&#8221;4.27.0&#8243; _dynamic_attributes=&#8221;button_url&#8221; _module_preset=&#8221;default&#8221; custom_button=&#8221;on&#8221; button_text_color=&#8221;#032175&#8243; button_bg_color=&#8221;RGBA(255,255,255,0)&#8221; button_border_color=&#8221;RGBA(255,255,255,0)&#8221; box_shadow_style=&#8221;preset3&#8243; box_shadow_blur=&#8221;0px&#8221; box_shadow_spread=&#8221;-10px&#8221; box_shadow_color=&#8221;#032175&#8243; global_colors_info=&#8221;{}&#8221;][\/et_pb_button][et_pb_text _builder_version=&#8221;4.27.0&#8243; _module_preset=&#8221;default&#8221; header_font=&#8221;Lato|||on|||||&#8221; header_2_font=&#8221;Lato|||on|||||&#8221; header_3_font=&#8221;Lato|||on|||||&#8221; header_3_text_color=&#8221;#032175&#8243; global_colors_info=&#8221;{}&#8221;]<\/p>\n<h3><strong>Conclusion<\/strong><\/h3>\n<p>[\/et_pb_text][et_pb_text _builder_version=&#8221;4.27.0&#8243; _module_preset=&#8221;default&#8221; text_font=&#8221;Lato||||||||&#8221; text_text_color=&#8221;#000000&#8243; header_4_font=&#8221;Lato||||||||&#8221; header_4_text_color=&#8221;#031275&#8243; custom_padding=&#8221;||6px|||&#8221; global_colors_info=&#8221;{}&#8221;]<\/p>\n<p>L&#8217;investissement comporte des risques, mais avec une compr\u00e9hension claire de ces risques et des mesures appropri\u00e9es pour les att\u00e9nuer, il est possible de prendre des d\u00e9cisions d&#8217;investissement inform\u00e9es et strat\u00e9giques. Chez Divikeys, nous nous engageons \u00e0 fournir les informations n\u00e9cessaires pour vous aider \u00e0 naviguer dans le monde de l&#8217;investissement aux Antilles en toute confiance.<\/p>\n<p>Pour plus d&#8217;informations sur les risques et les opportunit\u00e9s d&#8217;investissement, visitez notre <a href=\"https:\/\/www.divikeys.com\/\">page d&#8217;accueil <\/a>ou<a href=\"https:\/\/divikeys.com\/index.php\/nous-contacter\/\"> contactez<\/a> notre service client.<\/p>\n<p>[\/et_pb_text][\/et_pb_column][\/et_pb_row][\/et_pb_section][et_pb_section fb_built=&#8221;1&#8243; admin_label=&#8221;Text &#038; Image&#8221; _builder_version=&#8221;4.18.0&#8243; _module_preset=&#8221;default&#8221; locked=&#8221;off&#8221; collapsed=&#8221;on&#8221; global_colors_info=&#8221;{}&#8221;][et_pb_row column_structure=&#8221;1_2,1_2&#8243; _builder_version=&#8221;4.18.0&#8243; _module_preset=&#8221;5138c454-be54-4233-bd3b-f8e6a8747976&#8243; global_colors_info=&#8221;{}&#8221;][et_pb_column type=&#8221;1_2&#8243; _builder_version=&#8221;4.16&#8243; _module_preset=&#8221;73121f80-a3ef-4484-8763-c3f18e3c56d2&#8243; global_colors_info=&#8221;{}&#8221;][et_pb_image src=&#8221;https:\/\/images.unsplash.com\/photo-1554260570-e9689a3418b8?ixid=M3w1ODkyNzF8MHwxfHNlYXJjaHw2fHxmaW5hbmNpYWwlMjBpbnZlc3RtZW50fGVufDB8MHx8fDE3MjE5MTY3NDF8MA&#038;ixlib=rb-4.0.3&#038;fm=webp&#038;fit=crop&#038;crop=entropy&#038;w=1080&#038;h=600&#038;q=20&#038;dpr=2&#8243; title_text=&#8221;1080&#215;600&#8243; _builder_version=&#8221;4.25.2&#8243; _module_preset=&#8221;8249bb47-7bda-4c77-8a37-2a958f7a9826&#8243; border_radii=&#8221;on|6px|6px|6px|6px&#8221; locked=&#8221;off&#8221; global_colors_info=&#8221;{}&#8221;][\/et_pb_image][\/et_pb_column][et_pb_column type=&#8221;1_2&#8243; _builder_version=&#8221;4.16&#8243; _module_preset=&#8221;73121f80-a3ef-4484-8763-c3f18e3c56d2&#8243; global_colors_info=&#8221;{}&#8221;][et_pb_heading title=&#8221;Investissement Responsable&#8221; _builder_version=&#8221;4.27.0&#8243; _module_preset=&#8221;c33f07d9-41e0-421a-8799-5799df695cce&#8221; title_level=&#8221;h2&#8243; title_font=&#8221;Lato|Cormorant_weight||on|||||&#8221; title_text_color=&#8221;#032175&#8243; title_font_size=&#8221;29px&#8221; title_line_height=&#8221;1.2em&#8221; custom_margin=&#8221;||10px||false|false&#8221; hover_enabled=&#8221;0&#8243; title_font_size_tablet=&#8221;28px&#8221; title_font_size_phone=&#8221;20px&#8221; title_font_size_last_edited=&#8221;on|phone&#8221; locked=&#8221;off&#8221; global_colors_info=&#8221;{}&#8221; sticky_enabled=&#8221;0&#8243;][\/et_pb_heading][et_pb_text quote_border_color=&#8221;#ffc300&#8243; _builder_version=&#8221;4.24.3&#8243; _module_preset=&#8221;2c55a9c4-feed-423b-9edb-ae0b5b365cac&#8221; text_font=&#8221;Open Sans|Open Sans_weight|||||||&#8221; text_text_color=&#8221;rgba(0,0,0,0.64)&#8221; text_font_size=&#8221;16px&#8221; text_line_height=&#8221;1.75em&#8221; link_font=&#8221;|Open Sans_weight|||||||&#8221; link_text_color=&#8221;#003566&#8243; quote_font=&#8221;Cormorant|Cormorant_weight|||||||&#8221; quote_text_color=&#8221;#111111&#8243; header_font=&#8221;Cormorant|Cormorant_weight|||||||&#8221; header_text_color=&#8221;#111111&#8243; header_font_size=&#8221;72px&#8221; header_line_height=&#8221;1.15em&#8221; header_2_font=&#8221;Cormorant|Cormorant_weight|||||||&#8221; header_2_text_color=&#8221;#111111&#8243; header_2_font_size=&#8221;50px&#8221; header_2_line_height=&#8221;1.2em&#8221; header_3_font=&#8221;Cormorant|Cormorant_weight|||||||&#8221; header_3_text_color=&#8221;#111111&#8243; header_3_font_size=&#8221;32px&#8221; header_3_line_height=&#8221;1.3em&#8221; header_4_font=&#8221;Cormorant|Cormorant_weight|||||||&#8221; header_4_text_color=&#8221;#111111&#8243; header_4_font_size=&#8221;24px&#8221; header_4_line_height=&#8221;1.4em&#8221; header_5_font=&#8221;Cormorant|Cormorant_weight|||||||&#8221; header_5_text_color=&#8221;#111111&#8243; header_5_font_size=&#8221;18px&#8221; header_5_line_height=&#8221;1.4em&#8221; header_6_font=&#8221;Cormorant|Cormorant_weight|||||||&#8221; header_6_text_color=&#8221;#111111&#8243; header_6_line_height=&#8221;1.5em&#8221; custom_margin=&#8221;||||false|false&#8221; text_font_size_tablet=&#8221;15px&#8221; text_font_size_phone=&#8221;14px&#8221; text_font_size_last_edited=&#8221;on|phone&#8221; header_font_size_tablet=&#8221;40px&#8221; header_font_size_phone=&#8221;24px&#8221; header_font_size_last_edited=&#8221;on|desktop&#8221; header_2_font_size_tablet=&#8221;28px&#8221; header_2_font_size_phone=&#8221;20px&#8221; header_2_font_size_last_edited=&#8221;on|phone&#8221; header_3_font_size_tablet=&#8221;22px&#8221; header_3_font_size_phone=&#8221;17px&#8221; header_3_font_size_last_edited=&#8221;on|phone&#8221; header_4_font_size_tablet=&#8221;18px&#8221; header_4_font_size_phone=&#8221;15px&#8221; header_4_font_size_last_edited=&#8221;on|tablet&#8221; header_5_font_size_tablet=&#8221;15px&#8221; header_5_font_size_phone=&#8221;14px&#8221; header_5_font_size_last_edited=&#8221;on|desktop&#8221; header_6_font_size_tablet=&#8221;13px&#8221; header_6_font_size_phone=&#8221;13px&#8221; header_6_font_size_last_edited=&#8221;on|desktop&#8221; locked=&#8221;off&#8221; global_colors_info=&#8221;{%22gcid-36fd78a7-34bc-404d-873c-dafa34efaae5%22:%91%22icon_color%22,%22icon_color%22%93}&#8221; body_font_size_tablet=&#8221;15px&#8221; body_font_size_phone=&#8221;14px&#8221; body_font_size_last_edited=&#8221;on|desktop&#8221;]<\/p>\n<p>Chez Divikeys, nous croyons en l&#8217;importance d&#8217;un investissement responsable. Nous nous engageons \u00e0 offrir des opportunit\u00e9s qui non seulement g\u00e9n\u00e8rent des rendements, mais aussi contribuent positivement au developement des r\u00e9gions.<\/p>\n<p>[\/et_pb_text][\/et_pb_column][\/et_pb_row][et_pb_row column_structure=&#8221;1_3,1_3,1_3&#8243; _builder_version=&#8221;4.24.3&#8243; _module_preset=&#8221;5138c454-be54-4233-bd3b-f8e6a8747976&#8243; global_colors_info=&#8221;{}&#8221;][et_pb_column type=&#8221;1_3&#8243; _builder_version=&#8221;4.16&#8243; _module_preset=&#8221;73121f80-a3ef-4484-8763-c3f18e3c56d2&#8243; global_colors_info=&#8221;{}&#8221;][et_pb_heading title=&#8221;Notre Mission&#8221; _builder_version=&#8221;4.27.0&#8243; _module_preset=&#8221;c33f07d9-41e0-421a-8799-5799df695cce&#8221; title_level=&#8221;h2&#8243; title_font=&#8221;Lato|Cormorant_weight|||||||&#8221; title_text_color=&#8221;#032175&#8243; title_font_size=&#8221;50px&#8221; title_line_height=&#8221;1.2em&#8221; custom_margin=&#8221;||10px||false|false&#8221; hover_enabled=&#8221;0&#8243; title_font_size_tablet=&#8221;28px&#8221; title_font_size_phone=&#8221;20px&#8221; title_font_size_last_edited=&#8221;on|phone&#8221; locked=&#8221;off&#8221; global_colors_info=&#8221;{}&#8221; sticky_enabled=&#8221;0&#8243;][\/et_pb_heading][et_pb_text quote_border_color=&#8221;#ffc300&#8243; _builder_version=&#8221;4.24.3&#8243; _module_preset=&#8221;2c55a9c4-feed-423b-9edb-ae0b5b365cac&#8221; text_font=&#8221;Open Sans|Open Sans_weight|||||||&#8221; text_text_color=&#8221;rgba(0,0,0,0.64)&#8221; text_font_size=&#8221;16px&#8221; text_line_height=&#8221;1.75em&#8221; link_font=&#8221;|Open Sans_weight|||||||&#8221; link_text_color=&#8221;#003566&#8243; quote_font=&#8221;Cormorant|Cormorant_weight|||||||&#8221; quote_text_color=&#8221;#111111&#8243; header_font=&#8221;Cormorant|Cormorant_weight|||||||&#8221; header_text_color=&#8221;#111111&#8243; header_font_size=&#8221;72px&#8221; header_line_height=&#8221;1.15em&#8221; header_2_font=&#8221;Cormorant|Cormorant_weight|||||||&#8221; header_2_text_color=&#8221;#111111&#8243; header_2_font_size=&#8221;50px&#8221; header_2_line_height=&#8221;1.2em&#8221; header_3_font=&#8221;Cormorant|Cormorant_weight|||||||&#8221; header_3_text_color=&#8221;#111111&#8243; header_3_font_size=&#8221;32px&#8221; header_3_line_height=&#8221;1.3em&#8221; header_4_font=&#8221;Cormorant|Cormorant_weight|||||||&#8221; header_4_text_color=&#8221;#111111&#8243; header_4_font_size=&#8221;24px&#8221; header_4_line_height=&#8221;1.4em&#8221; header_5_font=&#8221;Cormorant|Cormorant_weight|||||||&#8221; header_5_text_color=&#8221;#111111&#8243; header_5_font_size=&#8221;18px&#8221; header_5_line_height=&#8221;1.4em&#8221; header_6_font=&#8221;Cormorant|Cormorant_weight|||||||&#8221; header_6_text_color=&#8221;#111111&#8243; header_6_line_height=&#8221;1.5em&#8221; custom_margin=&#8221;||||false|false&#8221; text_font_size_tablet=&#8221;15px&#8221; text_font_size_phone=&#8221;14px&#8221; text_font_size_last_edited=&#8221;on|phone&#8221; header_font_size_tablet=&#8221;40px&#8221; header_font_size_phone=&#8221;24px&#8221; header_font_size_last_edited=&#8221;on|desktop&#8221; header_2_font_size_tablet=&#8221;28px&#8221; header_2_font_size_phone=&#8221;20px&#8221; header_2_font_size_last_edited=&#8221;on|phone&#8221; header_3_font_size_tablet=&#8221;22px&#8221; header_3_font_size_phone=&#8221;17px&#8221; header_3_font_size_last_edited=&#8221;on|phone&#8221; header_4_font_size_tablet=&#8221;18px&#8221; header_4_font_size_phone=&#8221;15px&#8221; header_4_font_size_last_edited=&#8221;on|tablet&#8221; header_5_font_size_tablet=&#8221;15px&#8221; header_5_font_size_phone=&#8221;14px&#8221; header_5_font_size_last_edited=&#8221;on|desktop&#8221; header_6_font_size_tablet=&#8221;13px&#8221; header_6_font_size_phone=&#8221;13px&#8221; header_6_font_size_last_edited=&#8221;on|desktop&#8221; border_radii=&#8221;on|6px|6px|6px|6px&#8221; locked=&#8221;off&#8221; global_colors_info=&#8221;{%22gcid-36fd78a7-34bc-404d-873c-dafa34efaae5%22:%91%22icon_color%22,%22icon_color%22%93}&#8221; body_font_size_tablet=&#8221;15px&#8221; body_font_size_phone=&#8221;14px&#8221; body_font_size_last_edited=&#8221;on|desktop&#8221;]<\/p>\n<p>Notre mission est de rendre l&#8217;investissement accessible et transparent pour tous. Nous fournissons des informations d\u00e9taill\u00e9es et des analyses approfondies pour aider nos investisseurs \u00e0 prendre des d\u00e9cisions \u00e9clair\u00e9es et strat\u00e9giques.<\/p>\n<p>[\/et_pb_text][\/et_pb_column][et_pb_column type=&#8221;1_3&#8243; _builder_version=&#8221;4.24.3&#8243; _module_preset=&#8221;73121f80-a3ef-4484-8763-c3f18e3c56d2&#8243; global_colors_info=&#8221;{}&#8221;][et_pb_image src=&#8221;https:\/\/images.unsplash.com\/photo-1517840933437-c41356892b35?ixid=M3w1ODkyNzF8MHwxfHNlYXJjaHw4fHxkaXZlcnNlJTIwaW52ZXN0bWVudHxlbnwwfDB8fHwxNzIxOTE2NzQxfDA&#038;ixlib=rb-4.0.3&#038;fm=webp&#038;fit=crop&#038;crop=entropy&#038;w=1080&#038;h=600&#038;q=20&#038;dpr=2&#8243; title_text=&#8221;1080&#215;600&#8243; _builder_version=&#8221;4.27.0&#8243; _module_preset=&#8221;8249bb47-7bda-4c77-8a37-2a958f7a9826&#8243; width=&#8221;35vw&#8221; border_radii=&#8221;on|6px|6px|6px|6px&#8221; global_colors_info=&#8221;{}&#8221;][\/et_pb_image][\/et_pb_column][et_pb_column type=&#8221;1_3&#8243; _builder_version=&#8221;4.16&#8243; _module_preset=&#8221;73121f80-a3ef-4484-8763-c3f18e3c56d2&#8243; global_colors_info=&#8221;{}&#8221;][et_pb_button button_url=&#8221;@ET-DC@eyJkeW5hbWljIjp0cnVlLCJjb250ZW50IjoicG9zdF9saW5rX3VybF9wYWdlIiwic2V0dGluZ3MiOnsicG9zdF9pZCI6Ijk4NzUxMjA1MCJ9fQ==@&#8221; button_text=&#8221;Temoignages&#8221; _builder_version=&#8221;4.27.0&#8243; _dynamic_attributes=&#8221;button_url&#8221; _module_preset=&#8221;1bffc0fc-42a0-49d1-bd9a-ae3ade2d7206&#8243; custom_button=&#8221;on&#8221; button_text_size=&#8221;14px&#8221; button_text_color=&#8221;#FFFFFF&#8221; button_bg_color=&#8221;#032175&#8243; button_border_width=&#8221;0px&#8221; button_border_radius=&#8221;100px&#8221; button_font=&#8221;Open Sans|700|||||||&#8221; custom_padding=&#8221;12px|22px|12px|22px|true|true&#8221; hover_enabled=&#8221;0&#8243; locked=&#8221;off&#8221; global_colors_info=&#8221;{}&#8221; custom_padding__hover_enabled=&#8221;off|desktop&#8221; custom_padding__hover=&#8221;|28px||20px|true|false&#8221; sticky_enabled=&#8221;0&#8243; custom_margin=&#8221;215px|||120px|false|false&#8221; custom_margin_last_edited=&#8221;on|tablet&#8221; button_bg_enable_color=&#8221;on&#8221; custom_margin_tablet=&#8221;215px|||120px|false|false&#8221; custom_margin_phone=&#8221;215px|||120px|false|false&#8221;][\/et_pb_button][\/et_pb_column][\/et_pb_row][\/et_pb_section]<\/p>\n","protected":false},"excerpt":{"rendered":"<p>Avertissement Sur les RisquesTypes de Risques Associ\u00e9s \u00e0 l&#8217;InvestissementRisque de March\u00e9: Les investissements peuvent \u00eatre affect\u00e9s par des fluctuations du march\u00e9 qui peuvent influencer la valeur de vos placements. Les facteurs \u00e9conomiques, politiques et sociaux peuvent tous contribuer \u00e0 la volatilit\u00e9 du march\u00e9, ce qui peut entra\u00eener des pertes en capitalRisque de Liquidit\u00e9: Les investissements [&hellip;]<\/p>\n","protected":false},"author":1,"featured_media":0,"parent":0,"menu_order":0,"comment_status":"closed","ping_status":"closed","template":"","meta":{"_et_pb_use_builder":"on","_et_pb_old_content":"<!-- wp:divi\/placeholder \/-->","_et_gb_content_width":"","_monsterinsights_skip_tracking":false,"_monsterinsights_sitenote_active":false,"_monsterinsights_sitenote_note":"","_monsterinsights_sitenote_category":0,"_uf_show_specific_survey":0,"_uf_disable_surveys":false,"footnotes":""},"class_list":["post-987511975","page","type-page","status-publish","hentry"],"aioseo_notices":[],"_links":{"self":[{"href":"https:\/\/divikeys.com\/index.php\/wp-json\/wp\/v2\/pages\/987511975"}],"collection":[{"href":"https:\/\/divikeys.com\/index.php\/wp-json\/wp\/v2\/pages"}],"about":[{"href":"https:\/\/divikeys.com\/index.php\/wp-json\/wp\/v2\/types\/page"}],"author":[{"embeddable":true,"href":"https:\/\/divikeys.com\/index.php\/wp-json\/wp\/v2\/users\/1"}],"replies":[{"embeddable":true,"href":"https:\/\/divikeys.com\/index.php\/wp-json\/wp\/v2\/comments?post=987511975"}],"version-history":[{"count":6,"href":"https:\/\/divikeys.com\/index.php\/wp-json\/wp\/v2\/pages\/987511975\/revisions"}],"predecessor-version":[{"id":987512980,"href":"https:\/\/divikeys.com\/index.php\/wp-json\/wp\/v2\/pages\/987511975\/revisions\/987512980"}],"wp:attachment":[{"href":"https:\/\/divikeys.com\/index.php\/wp-json\/wp\/v2\/media?parent=987511975"}],"curies":[{"name":"wp","href":"https:\/\/api.w.org\/{rel}","templated":true}]}}