{"id":987511977,"date":"2024-06-05T02:09:22","date_gmt":"2024-06-05T01:09:22","guid":{"rendered":"https:\/\/divikeys.com\/?page_id=987511977"},"modified":"2024-07-29T01:00:26","modified_gmt":"2024-07-29T00:00:26","slug":"se-financer","status":"publish","type":"page","link":"https:\/\/divikeys.com\/index.php\/se-financer\/","title":{"rendered":"Se Financer"},"content":{"rendered":"<p>[et_pb_section fb_built=&#8221;1&#8243; _builder_version=&#8221;4.25.1&#8243; _module_preset=&#8221;default&#8221; custom_padding=&#8221;||9px|||&#8221; global_colors_info=&#8221;{}&#8221;][et_pb_row _builder_version=&#8221;4.27.0&#8243; _module_preset=&#8221;default&#8221; global_colors_info=&#8221;{}&#8221;][et_pb_column type=&#8221;4_4&#8243; _builder_version=&#8221;4.25.1&#8243; _module_preset=&#8221;default&#8221; global_colors_info=&#8221;{}&#8221;][\/et_pb_column][\/et_pb_row][\/et_pb_section][et_pb_section fb_built=&#8221;1&#8243; _builder_version=&#8221;4.27.0&#8243; _module_preset=&#8221;default&#8221; use_background_color_gradient=&#8221;on&#8221; background_color_gradient_stops=&#8221;rgba(43,135,218,0.38) 0%|rgba(41,196,169,0.34) 100%&#8221; background_color_gradient_overlays_image=&#8221;on&#8221; background_image=&#8221;http:\/\/divikeys.com\/wp-content\/uploads\/2023\/08\/stones-6546233_1280.jpg&#8221; width=&#8221;100%&#8221; module_alignment=&#8221;center&#8221; min_height=&#8221;779px&#8221; custom_padding=&#8221;|2px|39px|||&#8221; global_colors_info=&#8221;{}&#8221;][et_pb_row _builder_version=&#8221;4.27.0&#8243; _module_preset=&#8221;default&#8221; custom_padding=&#8221;34px|||||&#8221; global_colors_info=&#8221;{}&#8221;][et_pb_column type=&#8221;4_4&#8243; _builder_version=&#8221;4.27.0&#8243; _module_preset=&#8221;default&#8221; global_colors_info=&#8221;{}&#8221;][et_pb_slider _builder_version=&#8221;4.27.0&#8243; _module_preset=&#8221;default&#8221; header_font=&#8221;Lato|900||on|||||&#8221; header_font_size=&#8221;60px&#8221; body_font=&#8221;Lato||||||||&#8221; body_text_color=&#8221;#FFFFFF&#8221; background_image=&#8221;http:\/\/divikeys.com\/wp-content\/uploads\/2023\/08\/stones-6546233_1280.jpg&#8221; body_text_shadow_style=&#8221;preset3&#8243; body_text_shadow_color=&#8221;#032175&#8243; text_shadow_style=&#8221;preset3&#8243; text_shadow_color=&#8221;RGBA(255,255,255,0)&#8221; global_colors_info=&#8221;{}&#8221;][et_pb_slide heading=&#8221;SE FINANCER&#8221; button_text=&#8221;Deposer un dossier&#8221; button_link=&#8221;@ET-DC@eyJkeW5hbWljIjp0cnVlLCJjb250ZW50IjoicG9zdF9saW5rX3VybF9wYWdlIiwic2V0dGluZ3MiOnsicG9zdF9pZCI6Ijk4NzUxMTk5MSJ9fQ==@&#8221; _builder_version=&#8221;4.27.0&#8243; _dynamic_attributes=&#8221;button_link&#8221; _module_preset=&#8221;default&#8221; header_font=&#8221;|700|||||||&#8221; body_font=&#8221;Lato|700|||||||&#8221; body_font_size=&#8221;15px&#8221; body_line_height=&#8221;1.8em&#8221; custom_button=&#8221;on&#8221; button_text_size=&#8221;18px&#8221; button_text_color=&#8221;#032175&#8243; button_border_color=&#8221;RGBA(255,255,255,0)&#8221; button_on_hover=&#8221;on&#8221; body_text_shadow_style=&#8221;preset1&#8243; box_shadow_style_button=&#8221;preset3&#8243; box_shadow_blur_button=&#8221;0px&#8221; box_shadow_spread_button=&#8221;-9px&#8221; box_shadow_color_button=&#8221;#032175&#8243; global_colors_info=&#8221;{}&#8221; sticky_transition=&#8221;on&#8221;]<\/p>\n<p><strong><\/strong><\/p>\n<p>Chez Divikeys, nous comprenons les d\u00e9fis uniques auxquels font face les entrepreneurs et les entreprises aux Antilles. Notre mission est de faciliter l&#8217;acc\u00e8s au financement pour les projets innovants et ambitieux de la r\u00e9gion. Que vous soyez une startup en phase de d\u00e9marrage, une PME cherchant \u00e0 se d\u00e9velopper, ou un porteur de projet immobilier, notre plateforme de crowdfunding offre des solutions de financement adapt\u00e9es \u00e0 vos besoins sp\u00e9cifiques.<\/p>\n<p>[\/et_pb_slide][\/et_pb_slider][\/et_pb_column][\/et_pb_row][\/et_pb_section][et_pb_section fb_built=&#8221;1&#8243; _builder_version=&#8221;4.27.0&#8243; _module_preset=&#8221;default&#8221; custom_padding=&#8221;||35px|||&#8221; global_colors_info=&#8221;{}&#8221;][et_pb_row _builder_version=&#8221;4.27.0&#8243; _module_preset=&#8221;default&#8221; global_colors_info=&#8221;{}&#8221;][et_pb_column type=&#8221;4_4&#8243; _builder_version=&#8221;4.27.0&#8243; _module_preset=&#8221;default&#8221; global_colors_info=&#8221;{}&#8221;][et_pb_text _builder_version=&#8221;4.27.0&#8243; _module_preset=&#8221;default&#8221; header_3_font=&#8221;Lato|700||on|||||&#8221; header_3_text_color=&#8221;#032175&#8243; header_4_font=&#8221;Lato|700|||||||&#8221; header_4_text_color=&#8221;#032175&#8243; global_colors_info=&#8221;{}&#8221;]<\/p>\n<h3><strong>Pourquoi Choisir Divikeys pour Votre Financement ?<\/strong><\/h3>\n<p><strong><\/strong><\/p>\n<p><strong><\/strong><\/p>\n<h4><strong>Acc\u00e8s \u00e0 une Communaut\u00e9 d&#8217;Investisseurs<\/strong><\/h4>\n<p>Divikeys connecte les porteurs de projets avec une vaste communaut\u00e9 d&#8217;investisseurs locaux et internationaux. En utilisant notre plateforme, vous pouvez mobiliser rapidement les fonds n\u00e9cessaires pour r\u00e9aliser vos projets, tout en b\u00e9n\u00e9ficiant de l&#8217;expertise et du soutien de nos investisseurs.<\/p>\n<h4><strong>Simplicit\u00e9 et Rapidit\u00e9 du Processus<\/strong><\/h4>\n<p>Notre processus de financement est con\u00e7u pour \u00eatre simple et rapide. Une fois votre projet soumis et approuv\u00e9, vous pouvez lancer votre campagne de financement en quelques \u00e9tapes seulement. Nous vous accompagnons tout au long du processus, de la pr\u00e9paration de votre campagne \u00e0 la collecte des fonds.<\/p>\n<h4><strong>Accompagnement Personnalis\u00e9<\/strong><\/h4>\n<p>Chaque projet est unique, c&#8217;est pourquoi nous offrons un accompagnement personnalis\u00e9 pour vous aider \u00e0 maximiser vos chances de succ\u00e8s. Notre \u00e9quipe d&#8217;experts en finance, en droit, et en gestion vous fournit des conseils et des strat\u00e9gies adapt\u00e9es \u00e0 votre projet et \u00e0 votre march\u00e9 cible.<\/p>\n<p>.<\/p>\n<p>[\/et_pb_text][\/et_pb_column][\/et_pb_row][et_pb_row column_structure=&#8221;1_4,1_4,1_4,1_4&#8243; _builder_version=&#8221;4.27.0&#8243; _module_preset=&#8221;default&#8221; global_colors_info=&#8221;{}&#8221;][et_pb_column type=&#8221;1_4&#8243; _builder_version=&#8221;4.27.0&#8243; _module_preset=&#8221;default&#8221; global_colors_info=&#8221;{}&#8221;][et_pb_blurb title=&#8221;Une id\u00e9e de projet?&#8221; image=&#8221;http:\/\/divikeys.com\/wp-content\/uploads\/2024\/07\/side-view-man-working-project_23-2149721863.png&#8221; _builder_version=&#8221;4.27.0&#8243; _module_preset=&#8221;default&#8221; header_font=&#8221;Lato|900||on|||||&#8221; header_text_color=&#8221;#032175&#8243; global_colors_info=&#8221;{}&#8221;]<\/p>\n<p>Chez Divikeys, nous croyons en votre potentiel. Notre plateforme de crowdfunding est sp\u00e9cialement con\u00e7ue pour vous aider \u00e0 surmonter les obstacles financiers et transformer vos r\u00eaves en r\u00e9alit\u00e9. Rejoignez-nous et d\u00e9couvrez comment nous pouvons vous soutenir \u00e0 chaque \u00e9tape de votre parcours entrepreneurial. Ensemble, nous pouvons faire de vos id\u00e9es innovantes une r\u00e9ussite tangible.<\/p>\n<p>[\/et_pb_blurb][\/et_pb_column][et_pb_column type=&#8221;1_4&#8243; _builder_version=&#8221;4.27.0&#8243; _module_preset=&#8221;default&#8221; global_colors_info=&#8221;{}&#8221;][et_pb_blurb title=&#8221;Presentation du projet&#8221; image=&#8221;http:\/\/divikeys.com\/wp-content\/uploads\/2024\/07\/businessman-analyzing-company-graph-laptop-computer-working-management-presentation-business-meeting-startup-office-diverse-businesspeople-discussing-collaboration-project_482257-29807.png&#8221; image_icon_width=&#8221;131%&#8221; _builder_version=&#8221;4.27.0&#8243; _module_preset=&#8221;default&#8221; header_font=&#8221;Lato|900||on|||||&#8221; header_text_color=&#8221;#032175&#8243; global_colors_info=&#8221;{}&#8221;]<\/p>\n<p>D\u00e9crivez votre id\u00e9e pr\u00e9cisement, expliquez son objectif et son impact. D\u00e9taillez vos besoins financiers et comment les fonds seront utilis\u00e9s. Ajoutez des visuels pour illustrer votre projet et pr\u00e9sentez votre \u00e9quipe cl\u00e9. Faites en sorte que votre projet soit clair, attractif, et convaincant pour les investisseurs.<\/p>\n<p>[\/et_pb_blurb][\/et_pb_column][et_pb_column type=&#8221;1_4&#8243; _builder_version=&#8221;4.27.0&#8243; _module_preset=&#8221;default&#8221; global_colors_info=&#8221;{}&#8221;][et_pb_blurb title=&#8221;Financement&#8221; image=&#8221;http:\/\/divikeys.com\/wp-content\/uploads\/2024\/07\/bases-du-financement.jpeg&#8221; image_icon_width=&#8221;111%&#8221; content_max_width=&#8221;1100%&#8221; _builder_version=&#8221;4.27.0&#8243; _module_preset=&#8221;default&#8221; header_font=&#8221;Lato|900||on|||||&#8221; header_text_color=&#8221;#032175&#8243; global_colors_info=&#8221;{}&#8221;]<\/p>\n<p>Obtenez le soutien financier n\u00e9cessaire pour le r\u00e9aliser gr\u00e2ce \u00e0 notre plateforme de crowdfunding. Lancez votre campagne de collecte de fonds, engagez les investisseurs, et suivez la progression en temps r\u00e9el. Une fois financ\u00e9, assurez le remboursement aux investisseurs selon les termes convenus, renfor\u00e7ant ainsi la confiance et la transparence.<\/p>\n<p>[\/et_pb_blurb][\/et_pb_column][et_pb_column type=&#8221;1_4&#8243; _builder_version=&#8221;4.27.0&#8243; _module_preset=&#8221;default&#8221; global_colors_info=&#8221;{}&#8221;][et_pb_blurb title=&#8221;Suivi&#8221; image=&#8221;http:\/\/divikeys.com\/wp-content\/uploads\/2024\/07\/business-people-architect-discussion-meeting-with-blueprint-building-project-brainstorming-diversity-architecture-employees-collaboration-with-paperwork-boardroom-proposal_590464-372031.jpg&#8221; image_icon_width=&#8221;136%&#8221; _builder_version=&#8221;4.27.0&#8243; _module_preset=&#8221;default&#8221; header_font=&#8221;Lato|900||on|||||&#8221; header_text_color=&#8221;#032175&#8243; global_colors_info=&#8221;{}&#8221;]<\/p>\n<p>Pour un meilleur financement et une protection optimale des investisseurs, suivez de pr\u00e8s l&#8217;\u00e9volution de votre projet. Fournissez des mises \u00e0 jour r\u00e9guli\u00e8res, respectez les d\u00e9lais et assurez une transparence totale. Cela renforce la confiance et maximise le succ\u00e8s de votre financement.<\/p>\n<p>[\/et_pb_blurb][\/et_pb_column][\/et_pb_row][\/et_pb_section][et_pb_section fb_built=&#8221;1&#8243; _builder_version=&#8221;4.27.0&#8243; _module_preset=&#8221;default&#8221; global_colors_info=&#8221;{}&#8221;][et_pb_row _builder_version=&#8221;4.27.0&#8243; _module_preset=&#8221;default&#8221; global_colors_info=&#8221;{}&#8221;][et_pb_column type=&#8221;4_4&#8243; _builder_version=&#8221;4.27.0&#8243; _module_preset=&#8221;default&#8221; global_colors_info=&#8221;{}&#8221;][et_pb_text _builder_version=&#8221;4.27.0&#8243; _module_preset=&#8221;default&#8221; header_3_font=&#8221;Lato|900||on|||||&#8221; header_3_text_color=&#8221;#032175&#8243; header_4_font=&#8221;Lato|900|||||||&#8221; header_4_text_color=&#8221;#032175&#8243; global_colors_info=&#8221;{}&#8221;]<\/p>\n<h3><strong>Types de Projets Finan\u00e7ables<\/strong><\/h3>\n<p><strong><\/strong><\/p>\n<h4><strong>Startups et Entreprises Innovantes<\/strong><\/h4>\n<p>Si vous \u00eates une startup ou une entreprise innovante, Divikeys peut vous aider \u00e0 lever des fonds pour le d\u00e9veloppement de vos produits, l&#8217;expansion de votre march\u00e9, ou le renforcement de votre \u00e9quipe. Nous sommes particuli\u00e8rement int\u00e9ress\u00e9s par les projets qui apportent des solutions nouvelles et cr\u00e9atives aux d\u00e9fis locaux.<\/p>\n<h4><strong>Projets Immobiliers<\/strong><\/h4>\n<p>Divikeys finance \u00e9galement des projets immobiliers, qu&#8217;il s&#8217;agisse de nouvelles constructions, de r\u00e9novations, ou de d\u00e9veloppements r\u00e9sidentiels et commerciaux. Notre plateforme permet aux promoteurs immobiliers de lever des fonds rapidement tout en impliquant la communaut\u00e9 locale dans leurs projets\u200b.<\/p>\n<h4><strong>Initiatives \u00c9cologiques et Durables<\/strong><\/h4>\n<p>Les projets ax\u00e9s sur la durabilit\u00e9 et les \u00e9nergies renouvelables sont fortement encourag\u00e9s sur Divikeys. Nous croyons fermement en l&#8217;importance de promouvoir des initiatives \u00e9cologiques qui b\u00e9n\u00e9ficient \u00e0 la fois \u00e0 l&#8217;\u00e9conomie locale et \u00e0 l&#8217;environnement\u200b.<\/p>\n<p>[\/et_pb_text][\/et_pb_column][\/et_pb_row][et_pb_row _builder_version=&#8221;4.27.0&#8243; _module_preset=&#8221;default&#8221; background_image=&#8221;http:\/\/divikeys.com\/wp-content\/uploads\/2024\/06\/0-9d7c0bc0-6f25-4e0a-b080-d6c639360a00-1024&#215;1024.jpg&#8221; global_colors_info=&#8221;{}&#8221;][et_pb_column type=&#8221;4_4&#8243; _builder_version=&#8221;4.27.0&#8243; _module_preset=&#8221;default&#8221; global_colors_info=&#8221;{}&#8221;][et_pb_text _builder_version=&#8221;4.27.0&#8243; _module_preset=&#8221;default&#8221; header_font=&#8221;Lato|900||on|||||&#8221; header_text_color=&#8221;#FFFFFF&#8221; global_colors_info=&#8221;{}&#8221;]<\/p>\n<h1 style=\"text-align: center;\">LE FONCTIONNEMENT<\/h1>\n<p>[\/et_pb_text][\/et_pb_column][\/et_pb_row][et_pb_row _builder_version=&#8221;4.27.0&#8243; _module_preset=&#8221;default&#8221; global_colors_info=&#8221;{}&#8221;][et_pb_column type=&#8221;4_4&#8243; _builder_version=&#8221;4.27.0&#8243; _module_preset=&#8221;default&#8221; global_colors_info=&#8221;{}&#8221;][et_pb_text _builder_version=&#8221;4.27.0&#8243; _module_preset=&#8221;default&#8221; text_font=&#8221;||||||||&#8221; header_2_font=&#8221;Lato|700|||||||&#8221; header_2_text_color=&#8221;#032175&#8243; header_3_font=&#8221;Lato|900||on|||||&#8221; header_3_text_color=&#8221;#032175&#8243; header_4_font=&#8221;Lato|900||on|||||&#8221; header_4_text_color=&#8221;#032175&#8243; global_colors_info=&#8221;{}&#8221;]<\/p>\n<h3><strong>Comment \u00e7a Marche ?<\/strong><\/h3>\n<p><strong><\/strong><\/p>\n<h4><strong>Soumission du Projet<\/strong><\/h4>\n<p>Pour commencer, soumettez votre projet sur notre plateforme en fournissant une description d\u00e9taill\u00e9e, un business plan, et des pr\u00e9visions financi\u00e8res. Notre \u00e9quipe \u00e9valuera votre proposition en fonction de crit\u00e8res rigoureux pour s&#8217;assurer qu&#8217;elle r\u00e9pond \u00e0 nos standards de qualit\u00e9 et de viabilit\u00e9.<\/p>\n<h4><strong>Pr\u00e9paration de la Campagne<\/strong><\/h4>\n<p>Une fois votre projet approuv\u00e9, nous vous aidons \u00e0 pr\u00e9parer votre campagne de financement. Cela inclut la cr\u00e9ation de contenus attractifs, la d\u00e9finition de vos objectifs de financement, et l&#8217;\u00e9laboration d&#8217;une strat\u00e9gie de communication pour attirer les investisseurs.<\/p>\n<h4><strong>Lancement et Collecte des Fonds<\/strong><\/h4>\n<p>Lancez votre campagne sur Divikeys et commencez \u00e0 mobiliser des fonds. Notre plateforme offre des outils de suivi en temps r\u00e9el pour vous permettre de suivre l&#8217;avancement de votre collecte et d&#8217;ajuster votre strat\u00e9gie en cons\u00e9quence.<\/p>\n<h4><strong>Suivi et Utilisation des Fonds<\/strong><\/h4>\n<p>Apr\u00e8s la collecte, utilisez les fonds conform\u00e9ment aux objectifs d\u00e9finis dans votre campagne. Nous restons \u00e0 vos c\u00f4t\u00e9s pour vous fournir des conseils et un soutien continu afin de garantir la r\u00e9ussite de votre projet. Vous devrez \u00e9galement fournir des mises \u00e0 jour r\u00e9guli\u00e8res aux investisseurs pour les tenir inform\u00e9s des progr\u00e8s r\u00e9alis\u00e9s.<\/p>\n<p>[\/et_pb_text][\/et_pb_column][\/et_pb_row][et_pb_row column_structure=&#8221;1_5,1_5,1_5,1_5,1_5&#8243; _builder_version=&#8221;4.27.0&#8243; _module_preset=&#8221;default&#8221; global_colors_info=&#8221;{}&#8221;][et_pb_column type=&#8221;1_5&#8243; _builder_version=&#8221;4.27.0&#8243; _module_preset=&#8221;default&#8221; global_colors_info=&#8221;{}&#8221;][et_pb_button button_url=&#8221;@ET-DC@eyJkeW5hbWljIjp0cnVlLCJjb250ZW50IjoicG9zdF9saW5rX3VybF9wYWdlIiwic2V0dGluZ3MiOnsicG9zdF9pZCI6Ijk4NzUxMTk5MyJ9fQ==@&#8221; button_text=&#8221;Proc\u00e9dure de s\u00e9lection&#8221; _builder_version=&#8221;4.27.0&#8243; _dynamic_attributes=&#8221;button_url&#8221; _module_preset=&#8221;default&#8221; custom_button=&#8221;on&#8221; button_text_color=&#8221;#032175&#8243; button_bg_color=&#8221;RGBA(255,255,255,0)&#8221; button_border_color=&#8221;RGBA(255,255,255,0)&#8221; box_shadow_style=&#8221;preset3&#8243; box_shadow_blur=&#8221;0px&#8221; box_shadow_spread=&#8221;-10px&#8221; box_shadow_color=&#8221;#032175&#8243; global_colors_info=&#8221;{}&#8221;][\/et_pb_button][\/et_pb_column][et_pb_column type=&#8221;1_5&#8243; _builder_version=&#8221;4.27.0&#8243; _module_preset=&#8221;default&#8221; global_colors_info=&#8221;{}&#8221;][et_pb_button button_url=&#8221;@ET-DC@eyJkeW5hbWljIjp0cnVlLCJjb250ZW50IjoicG9zdF9saW5rX3VybF9wYWdlIiwic2V0dGluZ3MiOnsicG9zdF9pZCI6Ijk4NzUxMTk4NSJ9fQ==@&#8221; button_text=&#8221;Pr\u00e9sentation du projet&#8221; _builder_version=&#8221;4.27.0&#8243; _dynamic_attributes=&#8221;button_url&#8221; _module_preset=&#8221;default&#8221; custom_button=&#8221;on&#8221; button_text_color=&#8221;#032175&#8243; button_bg_color=&#8221;RGBA(255,255,255,0)&#8221; button_border_color=&#8221;RGBA(255,255,255,0)&#8221; box_shadow_style=&#8221;preset3&#8243; box_shadow_blur=&#8221;0px&#8221; box_shadow_spread=&#8221;-10px&#8221; box_shadow_color=&#8221;#032175&#8243; global_colors_info=&#8221;{}&#8221;][\/et_pb_button][\/et_pb_column][et_pb_column type=&#8221;1_5&#8243; _builder_version=&#8221;4.27.0&#8243; _module_preset=&#8221;default&#8221; global_colors_info=&#8221;{}&#8221;][et_pb_button button_url=&#8221;@ET-DC@eyJkeW5hbWljIjp0cnVlLCJjb250ZW50IjoicG9zdF9saW5rX3VybF9wYWdlIiwic2V0dGluZ3MiOnsicG9zdF9pZCI6Ijk4NzUxMTk4NyJ9fQ==@&#8221; button_text=&#8221;Pendant la collecte&#8221; _builder_version=&#8221;4.27.0&#8243; _dynamic_attributes=&#8221;button_url&#8221; _module_preset=&#8221;default&#8221; custom_button=&#8221;on&#8221; button_text_color=&#8221;#032175&#8243; button_bg_color=&#8221;RGBA(255,255,255,0)&#8221; button_border_color=&#8221;RGBA(255,255,255,0)&#8221; box_shadow_style=&#8221;preset3&#8243; box_shadow_blur=&#8221;0px&#8221; box_shadow_spread=&#8221;-10px&#8221; box_shadow_color=&#8221;#032175&#8243; global_colors_info=&#8221;{}&#8221;][\/et_pb_button][\/et_pb_column][et_pb_column type=&#8221;1_5&#8243; _builder_version=&#8221;4.27.0&#8243; _module_preset=&#8221;default&#8221; global_colors_info=&#8221;{}&#8221;][et_pb_button button_url=&#8221;@ET-DC@eyJkeW5hbWljIjp0cnVlLCJjb250ZW50IjoicG9zdF9saW5rX3VybF9wYWdlIiwic2V0dGluZ3MiOnsicG9zdF9pZCI6Ijk4NzUxMTk5MSJ9fQ==@&#8221; button_text=&#8221;D\u00e9poser un dossier&#8221; _builder_version=&#8221;4.27.0&#8243; _dynamic_attributes=&#8221;button_url&#8221; _module_preset=&#8221;default&#8221; custom_button=&#8221;on&#8221; button_text_color=&#8221;#032175&#8243; button_bg_color=&#8221;RGBA(255,255,255,0)&#8221; button_border_color=&#8221;RGBA(255,255,255,0)&#8221; box_shadow_style=&#8221;preset3&#8243; box_shadow_blur=&#8221;0px&#8221; box_shadow_spread=&#8221;-10px&#8221; box_shadow_color=&#8221;#032175&#8243; global_colors_info=&#8221;{}&#8221;][\/et_pb_button][\/et_pb_column][et_pb_column type=&#8221;1_5&#8243; _builder_version=&#8221;4.27.0&#8243; _module_preset=&#8221;default&#8221; global_colors_info=&#8221;{}&#8221;][et_pb_button button_url=&#8221;@ET-DC@eyJkeW5hbWljIjp0cnVlLCJjb250ZW50IjoicG9zdF9saW5rX3VybF9wYWdlIiwic2V0dGluZ3MiOnsicG9zdF9pZCI6Ijk4NzUxMTk4OSJ9fQ==@&#8221; button_text=&#8221;Proc\u00e9dure de Remboursement&#8221; _builder_version=&#8221;4.27.0&#8243; _dynamic_attributes=&#8221;button_url&#8221; _module_preset=&#8221;default&#8221; custom_button=&#8221;on&#8221; button_text_color=&#8221;#032175&#8243; button_bg_color=&#8221;RGBA(255,255,255,0)&#8221; button_border_color=&#8221;RGBA(255,255,255,0)&#8221; hover_enabled=&#8221;0&#8243; box_shadow_style=&#8221;preset3&#8243; box_shadow_blur=&#8221;0px&#8221; box_shadow_spread=&#8221;-10px&#8221; box_shadow_color=&#8221;#032175&#8243; global_colors_info=&#8221;{}&#8221; sticky_enabled=&#8221;0&#8243;][\/et_pb_button][\/et_pb_column][\/et_pb_row][\/et_pb_section]<\/p>\n","protected":false},"excerpt":{"rendered":"<p>Chez Divikeys, nous comprenons les d\u00e9fis uniques auxquels font face les entrepreneurs et les entreprises aux Antilles. Notre mission est de faciliter l&#8217;acc\u00e8s au financement pour les projets innovants et ambitieux de la r\u00e9gion. Que vous soyez une startup en phase de d\u00e9marrage, une PME cherchant \u00e0 se d\u00e9velopper, ou un porteur de projet immobilier, [&hellip;]<\/p>\n","protected":false},"author":1,"featured_media":0,"parent":0,"menu_order":0,"comment_status":"closed","ping_status":"closed","template":"","meta":{"_et_pb_use_builder":"on","_et_pb_old_content":"<!-- wp:divi\/placeholder \/-->","_et_gb_content_width":"","_monsterinsights_skip_tracking":false,"_monsterinsights_sitenote_active":false,"_monsterinsights_sitenote_note":"","_monsterinsights_sitenote_category":0,"_uf_show_specific_survey":0,"_uf_disable_surveys":false,"footnotes":""},"class_list":["post-987511977","page","type-page","status-publish","hentry"],"aioseo_notices":[],"_links":{"self":[{"href":"https:\/\/divikeys.com\/index.php\/wp-json\/wp\/v2\/pages\/987511977"}],"collection":[{"href":"https:\/\/divikeys.com\/index.php\/wp-json\/wp\/v2\/pages"}],"about":[{"href":"https:\/\/divikeys.com\/index.php\/wp-json\/wp\/v2\/types\/page"}],"author":[{"embeddable":true,"href":"https:\/\/divikeys.com\/index.php\/wp-json\/wp\/v2\/users\/1"}],"replies":[{"embeddable":true,"href":"https:\/\/divikeys.com\/index.php\/wp-json\/wp\/v2\/comments?post=987511977"}],"version-history":[{"count":8,"href":"https:\/\/divikeys.com\/index.php\/wp-json\/wp\/v2\/pages\/987511977\/revisions"}],"predecessor-version":[{"id":987513058,"href":"https:\/\/divikeys.com\/index.php\/wp-json\/wp\/v2\/pages\/987511977\/revisions\/987513058"}],"wp:attachment":[{"href":"https:\/\/divikeys.com\/index.php\/wp-json\/wp\/v2\/media?parent=987511977"}],"curies":[{"name":"wp","href":"https:\/\/api.w.org\/{rel}","templated":true}]}}