{"id":987512005,"date":"2024-06-05T02:05:27","date_gmt":"2024-06-05T01:05:27","guid":{"rendered":"https:\/\/divikeys.com\/?page_id=987512005"},"modified":"2024-06-05T02:05:28","modified_gmt":"2024-06-05T01:05:28","slug":"mentions-legales","status":"publish","type":"page","link":"https:\/\/divikeys.com\/index.php\/mentions-legales\/","title":{"rendered":"Mentions L\u00e9gales"},"content":{"rendered":"\n[et_pb_section fb_built=&#8221;1&#8243; _builder_version=&#8221;4.25.1&#8243; _module_preset=&#8221;default&#8221; custom_padding=&#8221;||4px|||&#8221; global_colors_info=&#8221;{}&#8221;][\/et_pb_section][et_pb_section fb_built=&#8221;1&#8243; _builder_version=&#8221;4.25.1&#8243; _module_preset=&#8221;default&#8221; custom_padding=&#8221;4px|||||&#8221; hover_enabled=&#8221;0&#8243; global_colors_info=&#8221;{}&#8221; custom_margin=&#8221;50px||||false|false&#8221; sticky_enabled=&#8221;0&#8243;][et_pb_row _builder_version=&#8221;4.25.1&#8243; _module_preset=&#8221;default&#8221; global_colors_info=&#8221;{}&#8221;][et_pb_column type=&#8221;4_4&#8243; _builder_version=&#8221;4.25.1&#8243; _module_preset=&#8221;default&#8221; global_colors_info=&#8221;{}&#8221;][et_pb_text _builder_version=&#8221;4.25.1&#8243; _module_preset=&#8221;default&#8221; hover_enabled=&#8221;0&#8243; sticky_enabled=&#8221;0&#8243;]<h1>Mentions L\u00e9gales de Divikeys<\/h1>[\/et_pb_text][et_pb_text _builder_version=&#8221;4.25.1&#8243; _module_preset=&#8221;default&#8221; global_colors_info=&#8221;{}&#8221;]<p>&nbsp;<\/p>\n<ol>\n<li><strong> Informations G\u00e9n\u00e9rales<\/strong><\/li>\n<\/ol>\n<p><strong>\u00c9diteur du Site<\/strong> Le site internet <a href=\"https:\/\/www.divikeys.com\">Divikeys<\/a> est \u00e9dit\u00e9 par la soci\u00e9t\u00e9 Divikeys SAS, immatricul\u00e9e au Registre du Commerce et des Soci\u00e9t\u00e9s de Saint Martin sous le num\u00e9ro (En cours)<\/p>\n<p><strong>Si\u00e8ge Social<\/strong> Divikeys SAS<br \/>14 rue Anegada<\/p>\n<p>Hope Estate<\/p>\n<p>97150 Saint Martin<\/p>\n<p><strong>Directeur de la Publication<\/strong> [Nom du directeur de la publication]<br \/>Email : [adresse email de contact]<br \/>T\u00e9l\u00e9phone : [num\u00e9ro de t\u00e9l\u00e9phone de contact]<\/p>\n<ol start=\"2\">\n<li><strong> H\u00e9bergement du Site<\/strong><\/li>\n<\/ol>\n<p><strong>H\u00e9bergeur<\/strong> Le site est h\u00e9berg\u00e9 par Hostinger, dont le si\u00e8ge social est situ\u00e9 \u00e0 \u0160vitrigailos str. 34, LT-03230 Vilnius, R\u00e9publique de Lituanie<br \/>Email : <a href=\"mailto:gdpr@hostinger.com\">gdpr@hostinger.com<\/a>.<\/p>\n<ol start=\"3\">\n<li><strong> Propri\u00e9t\u00e9 Intellectuelle<\/strong><\/li>\n<\/ol>\n<p>Tous les contenus pr\u00e9sents sur le site Divikeys, y compris, mais sans s&#8217;y limiter, les textes, images, graphiques, logos, vid\u00e9os, et ic\u00f4nes, sont la propri\u00e9t\u00e9 exclusive de Divikeys SAS ou de leurs auteurs respectifs et sont prot\u00e9g\u00e9s par le droit de la propri\u00e9t\u00e9 intellectuelle.<\/p>\n<p>Toute reproduction, distribution, modification, adaptation, retransmission ou publication, m\u00eame partielle, de ces diff\u00e9rents \u00e9l\u00e9ments est strictement interdite sans l&#8217;accord expr\u00e8s par \u00e9crit de Divikeys SAS.<\/p>\n<ol start=\"4\">\n<li><strong> Donn\u00e9es Personnelles<\/strong><\/li>\n<\/ol>\n<p><strong>Collecte et Traitement des Donn\u00e9es<\/strong> Divikeys s&#8217;engage \u00e0 ce que la collecte et le traitement de vos donn\u00e9es, effectu\u00e9s \u00e0 partir du site <a href=\"https:\/\/www.divikeys.com\">Divikeys<\/a>, soient conformes au r\u00e8glement g\u00e9n\u00e9ral sur la protection des donn\u00e9es (RGPD) et \u00e0 la loi Informatique et Libert\u00e9s.<\/p>\n<p><strong>Droits des Utilisateurs<\/strong> Conform\u00e9ment \u00e0 la r\u00e9glementation en vigueur, vous disposez des droits d&#8217;acc\u00e8s, de rectification, d&#8217;effacement, de limitation, de portabilit\u00e9 et d&#8217;opposition sur vos donn\u00e9es personnelles. Pour exercer ces droits, veuillez nous contacter \u00e0 l&#8217;adresse suivante : [adresse email de contact].<\/p>\n<ol start=\"5\">\n<li><strong> Cookies<\/strong><\/li>\n<\/ol>\n<p>Le site Divikeys utilise des cookies pour am\u00e9liorer l&#8217;exp\u00e9rience utilisateur, analyser le trafic et personnaliser le contenu et les publicit\u00e9s. En poursuivant votre navigation sur notre site, vous acceptez l&#8217;utilisation de ces cookies.<\/p>\n<p>Pour plus d&#8217;informations sur notre politique en mati\u00e8re de cookies, veuillez consulter notre <a href=\"https:\/\/divikeys.com\/?page_id=987512044&amp;preview=true\">[Politique de Cookies]<\/a><\/p>\n<ol start=\"6\">\n<li><strong> Limitation de Responsabilit\u00e9<\/strong><\/li>\n<\/ol>\n<p>Divikeys SAS s&#8217;efforce de fournir des informations pr\u00e9cises et \u00e0 jour sur son site. Toutefois, nous ne pouvons garantir l&#8217;exactitude, la compl\u00e9tude ou l&#8217;actualit\u00e9 des informations diffus\u00e9es sur le site. En cons\u00e9quence, Divikeys SAS d\u00e9cline toute responsabilit\u00e9 en cas d&#8217;erreurs ou d&#8217;omissions dans le contenu du site, ou en cas de dommage r\u00e9sultant de l&#8217;utilisation des informations fournies.<\/p>\n<ol start=\"7\">\n<li><strong> Liens Hypertextes<\/strong><\/li>\n<\/ol>\n<p>Le site <a href=\"https:\/\/www.divikeys.com\">Divikeys<\/a> peut contenir des liens hypertextes vers d&#8217;autres sites internet. Divikeys SAS ne peut \u00eatre tenue responsable du contenu de ces sites, ni des pratiques de confidentialit\u00e9 de ces derniers.<\/p>\n<ol start=\"8\">\n<li><strong> Modification des Mentions L\u00e9gales<\/strong><\/li>\n<\/ol>\n<p>Divikeys SAS se r\u00e9serve le droit de modifier les pr\u00e9sentes mentions l\u00e9gales \u00e0 tout moment. Les modifications prendront effet d\u00e8s leur publication sur le site. Nous vous encourageons \u00e0 consulter r\u00e9guli\u00e8rement cette page pour prendre connaissance des \u00e9ventuelles modifications.<\/p>\n<ol start=\"9\">\n<li><strong> Droit Applicable et Juridiction<\/strong><\/li>\n<\/ol>\n<p>Les pr\u00e9sentes mentions l\u00e9gales sont r\u00e9gies par le droit fran\u00e7ais. En cas de litige relatif \u00e0 l&#8217;utilisation du site, les tribunaux comp\u00e9tents de Saint Martin seront seuls comp\u00e9tents.<\/p>\n<p>Pour toute question concernant ces mentions l\u00e9gales, veuillez nous contacter \u00e0 l&#8217;adresse suivante : legal@divikeys.com<\/p>[\/et_pb_text][\/et_pb_column][\/et_pb_row][\/et_pb_section]\n","protected":false},"excerpt":{"rendered":"<p>Mentions L\u00e9gales de Divikeys&nbsp; Informations G\u00e9n\u00e9rales \u00c9diteur du Site Le site internet Divikeys est \u00e9dit\u00e9 par la soci\u00e9t\u00e9 Divikeys SAS, immatricul\u00e9e au Registre du Commerce et des Soci\u00e9t\u00e9s de Saint Martin sous le num\u00e9ro (En cours) Si\u00e8ge Social Divikeys SAS14 rue Anegada Hope Estate 97150 Saint Martin Directeur de la Publication [Nom du directeur de [&hellip;]<\/p>\n","protected":false},"author":1,"featured_media":0,"parent":0,"menu_order":0,"comment_status":"closed","ping_status":"closed","template":"","meta":{"_et_pb_use_builder":"on","_et_pb_old_content":"<!-- wp:divi\/placeholder \/-->","_et_gb_content_width":"","_monsterinsights_skip_tracking":false,"_monsterinsights_sitenote_active":false,"_monsterinsights_sitenote_note":"","_monsterinsights_sitenote_category":0,"_uf_show_specific_survey":0,"_uf_disable_surveys":false,"footnotes":""},"class_list":["post-987512005","page","type-page","status-publish","hentry"],"aioseo_notices":[],"_links":{"self":[{"href":"https:\/\/divikeys.com\/index.php\/wp-json\/wp\/v2\/pages\/987512005"}],"collection":[{"href":"https:\/\/divikeys.com\/index.php\/wp-json\/wp\/v2\/pages"}],"about":[{"href":"https:\/\/divikeys.com\/index.php\/wp-json\/wp\/v2\/types\/page"}],"author":[{"embeddable":true,"href":"https:\/\/divikeys.com\/index.php\/wp-json\/wp\/v2\/users\/1"}],"replies":[{"embeddable":true,"href":"https:\/\/divikeys.com\/index.php\/wp-json\/wp\/v2\/comments?post=987512005"}],"version-history":[{"count":5,"href":"https:\/\/divikeys.com\/index.php\/wp-json\/wp\/v2\/pages\/987512005\/revisions"}],"predecessor-version":[{"id":987512375,"href":"https:\/\/divikeys.com\/index.php\/wp-json\/wp\/v2\/pages\/987512005\/revisions\/987512375"}],"wp:attachment":[{"href":"https:\/\/divikeys.com\/index.php\/wp-json\/wp\/v2\/media?parent=987512005"}],"curies":[{"name":"wp","href":"https:\/\/api.w.org\/{rel}","templated":true}]}}