{"id":987512015,"date":"2024-06-05T01:55:51","date_gmt":"2024-06-05T00:55:51","guid":{"rendered":"https:\/\/divikeys.com\/?page_id=987512015"},"modified":"2024-06-05T01:55:52","modified_gmt":"2024-06-05T00:55:52","slug":"faq","status":"publish","type":"page","link":"https:\/\/divikeys.com\/index.php\/faq\/","title":{"rendered":"FAQ"},"content":{"rendered":"\n[et_pb_section fb_built=&#8221;1&#8243; _builder_version=&#8221;4.25.1&#8243; _module_preset=&#8221;default&#8221; global_colors_info=&#8221;{}&#8221; custom_padding=&#8221;||4px|||&#8221;][et_pb_row _builder_version=&#8221;4.25.1&#8243; _module_preset=&#8221;default&#8221; global_colors_info=&#8221;{}&#8221;][et_pb_column type=&#8221;4_4&#8243; _builder_version=&#8221;4.25.1&#8243; _module_preset=&#8221;default&#8221; global_colors_info=&#8221;{}&#8221;][\/et_pb_column][\/et_pb_row][\/et_pb_section][et_pb_section fb_built=&#8221;1&#8243; theme_builder_area=&#8221;post_content&#8221; _builder_version=&#8221;4.25.1&#8243; _module_preset=&#8221;default&#8221;][et_pb_row _builder_version=&#8221;4.25.1&#8243; _module_preset=&#8221;default&#8221; theme_builder_area=&#8221;post_content&#8221;][et_pb_column _builder_version=&#8221;4.25.1&#8243; _module_preset=&#8221;default&#8221; type=&#8221;4_4&#8243; theme_builder_area=&#8221;post_content&#8221;][et_pb_text _builder_version=&#8221;4.25.1&#8243; _module_preset=&#8221;default&#8221; theme_builder_area=&#8221;post_content&#8221; hover_enabled=&#8221;0&#8243; sticky_enabled=&#8221;0&#8243;]<h1>FAQ de DIVIKEYS<\/h1>[\/et_pb_text][et_pb_text _builder_version=&#8221;4.25.1&#8243; _module_preset=&#8221;default&#8221; global_colors_info=&#8221;{}&#8221; theme_builder_area=&#8221;post_content&#8221;]<p><strong>\u00a0<\/strong><\/p>\n<p><strong>FAQ &#8211; Divikeys<\/strong><\/p>\n<p>Bienvenue sur la FAQ de Divikeys ! Ici, vous trouverez des r\u00e9ponses aux questions les plus fr\u00e9quemment pos\u00e9es par nos utilisateurs. Si vous ne trouvez pas la r\u00e9ponse \u00e0 votre question, n&#8217;h\u00e9sitez pas \u00e0 consulter notre Centre d&#8217;Aide ou \u00e0 nous contacter directement.<\/p>\n<p><strong>G\u00e9n\u00e9ral<\/strong><\/p>\n<ol>\n<li><strong> Qu&#8217;est-ce que Divikeys ?<\/strong> Divikeys est une plateforme de financement participatif d\u00e9di\u00e9e aux projets situ\u00e9s dans les Antilles. Nous connectons les porteurs de projets avec des investisseurs int\u00e9ress\u00e9s par le d\u00e9veloppement \u00e9conomique et social de cette r\u00e9gion.<\/li>\n<li><strong> Comment fonctionne Divikeys ?<\/strong> Les porteurs de projets soumettent leurs id\u00e9es sur notre plateforme. Une fois approuv\u00e9s, ces projets sont ouverts au financement par notre communaut\u00e9 d&#8217;investisseurs. Les fonds collect\u00e9s sont utilis\u00e9s pour r\u00e9aliser les projets, et les investisseurs re\u00e7oivent des rendements selon les conditions d\u00e9finies.<\/li>\n<\/ol>\n<p><strong>Pour les Porteurs de Projets<\/strong><\/p>\n<ol start=\"3\">\n<li><strong> Comment soumettre un projet sur Divikeys ?<\/strong> Pour soumettre un projet, cr\u00e9ez un compte sur notre plateforme et remplissez le formulaire de soumission de projet. Assurez-vous de fournir des informations compl\u00e8tes et pr\u00e9cises. Nous examinerons votre projet et vous informerons de son approbation.<\/li>\n<li><strong> Quels types de projets sont accept\u00e9s ?<\/strong> Nous acceptons une vari\u00e9t\u00e9 de projets, allant de l&#8217;immobilier au d\u00e9veloppement durable, en passant par l&#8217;innovation technologique et les initiatives sociales. Chaque projet doit r\u00e9pondre \u00e0 des crit\u00e8res sp\u00e9cifiques de viabilit\u00e9 et de b\u00e9n\u00e9fices pour la communaut\u00e9 antillaise.<\/li>\n<li><strong> Quels sont les frais pour les porteurs de projets ?<\/strong> Divikeys pr\u00e9l\u00e8ve des frais de service compris entre 5% et 10% du montant total collect\u00e9, en fonction de la taille et de la complexit\u00e9 du projet. Ces frais couvrent les co\u00fbts de gestion et de support de notre plateforme.<\/li>\n<\/ol>\n<p><strong>Pour les Investisseurs<\/strong><\/p>\n<ol start=\"6\">\n<li><strong> Comment puis-je investir dans un projet ?<\/strong> Pour investir dans un projet, cr\u00e9ez un compte sur notre plateforme, consultez les projets disponibles et choisissez celui qui vous int\u00e9resse. Suivez les instructions pour effectuer votre investissement en ligne.<\/li>\n<li><strong> Quels sont les risques associ\u00e9s \u00e0 l&#8217;investissement ?<\/strong> Investir comporte des risques, y compris la perte partielle ou totale du capital investi. Nous recommandons \u00e0 tous les investisseurs de bien \u00e9valuer chaque projet et de diversifier leurs investissements pour minimiser les risques.<\/li>\n<li><strong> Comment sont calcul\u00e9s les rendements sur les investissements ?<\/strong> Les rendements varient en fonction du projet et des conditions d\u00e9finies dans le contrat d&#8217;investissement. Les porteurs de projets fournissent des projections financi\u00e8res qui sont v\u00e9rifi\u00e9es par notre \u00e9quipe avant l&#8217;approbation du projet.<\/li>\n<\/ol>\n<p><strong>S\u00e9curit\u00e9 et Confidentialit\u00e9<\/strong><\/p>\n<ol start=\"9\">\n<li><strong> Comment Divikeys prot\u00e8ge-t-il mes donn\u00e9es personnelles ?<\/strong> Nous mettons en \u0153uvre des mesures de s\u00e9curit\u00e9 avanc\u00e9es pour prot\u00e9ger vos donn\u00e9es personnelles, y compris le chiffrement des informations et un acc\u00e8s restreint aux donn\u00e9es sensibles. Pour plus de d\u00e9tails, consultez notre [Politique de Protection des Donn\u00e9es](lien vers la politique de protection des donn\u00e9es).<\/li>\n<li><strong> Comment puis-je faire une r\u00e9clamation ?<\/strong> Si vous avez une r\u00e9clamation, veuillez consulter notre page [R\u00e9clamations](lien vers la page R\u00e9clamations) pour conna\u00eetre la proc\u00e9dure \u00e0 suivre. Nous nous engageons \u00e0 traiter toutes les r\u00e9clamations de mani\u00e8re rapide et \u00e9quitable.<\/li>\n<\/ol>\n<p><strong>Support<\/strong><\/p>\n<ol start=\"11\">\n<li><strong> O\u00f9 puis-je obtenir plus d&#8217;aide ?<\/strong> Pour toute question suppl\u00e9mentaire, veuillez consulter notre Centre d&#8217;Aide (lien vers le Centre d&#8217;Aide) ou nous contacter directement \u00e0 [adresse email de contact].<\/li>\n<\/ol>\n<p>Nous esp\u00e9rons que cette FAQ r\u00e9pondra \u00e0 vos questions et facilitera votre exp\u00e9rience sur Divikeys. Merci de faire partie de notre communaut\u00e9 !<\/p>[\/et_pb_text][\/et_pb_column][\/et_pb_row][\/et_pb_section]\n","protected":false},"excerpt":{"rendered":"<p>FAQ de DIVIKEYS\u00a0 FAQ &#8211; Divikeys Bienvenue sur la FAQ de Divikeys ! Ici, vous trouverez des r\u00e9ponses aux questions les plus fr\u00e9quemment pos\u00e9es par nos utilisateurs. Si vous ne trouvez pas la r\u00e9ponse \u00e0 votre question, n&#8217;h\u00e9sitez pas \u00e0 consulter notre Centre d&#8217;Aide ou \u00e0 nous contacter directement. G\u00e9n\u00e9ral Qu&#8217;est-ce que Divikeys ? Divikeys [&hellip;]<\/p>\n","protected":false},"author":1,"featured_media":0,"parent":0,"menu_order":0,"comment_status":"closed","ping_status":"closed","template":"","meta":{"_et_pb_use_builder":"on","_et_pb_old_content":"<!-- wp:divi\/placeholder \/-->","_et_gb_content_width":"","_monsterinsights_skip_tracking":false,"_monsterinsights_sitenote_active":false,"_monsterinsights_sitenote_note":"","_monsterinsights_sitenote_category":0,"_uf_show_specific_survey":0,"_uf_disable_surveys":false,"footnotes":""},"class_list":["post-987512015","page","type-page","status-publish","hentry"],"aioseo_notices":[],"_links":{"self":[{"href":"https:\/\/divikeys.com\/index.php\/wp-json\/wp\/v2\/pages\/987512015"}],"collection":[{"href":"https:\/\/divikeys.com\/index.php\/wp-json\/wp\/v2\/pages"}],"about":[{"href":"https:\/\/divikeys.com\/index.php\/wp-json\/wp\/v2\/types\/page"}],"author":[{"embeddable":true,"href":"https:\/\/divikeys.com\/index.php\/wp-json\/wp\/v2\/users\/1"}],"replies":[{"embeddable":true,"href":"https:\/\/divikeys.com\/index.php\/wp-json\/wp\/v2\/comments?post=987512015"}],"version-history":[{"count":5,"href":"https:\/\/divikeys.com\/index.php\/wp-json\/wp\/v2\/pages\/987512015\/revisions"}],"predecessor-version":[{"id":987512365,"href":"https:\/\/divikeys.com\/index.php\/wp-json\/wp\/v2\/pages\/987512015\/revisions\/987512365"}],"wp:attachment":[{"href":"https:\/\/divikeys.com\/index.php\/wp-json\/wp\/v2\/media?parent=987512015"}],"curies":[{"name":"wp","href":"https:\/\/api.w.org\/{rel}","templated":true}]}}