{"id":987512031,"date":"2024-06-05T01:54:59","date_gmt":"2024-06-05T00:54:59","guid":{"rendered":"https:\/\/divikeys.com\/?page_id=987512031"},"modified":"2024-06-05T01:55:00","modified_gmt":"2024-06-05T00:55:00","slug":"evenements","status":"publish","type":"page","link":"https:\/\/divikeys.com\/index.php\/evenements\/","title":{"rendered":"Ev\u00e8nements"},"content":{"rendered":"\n[et_pb_section fb_built=&#8221;1&#8243; theme_builder_area=&#8221;post_content&#8221; _builder_version=&#8221;4.25.1&#8243; _module_preset=&#8221;default&#8221;][et_pb_row _builder_version=&#8221;4.25.1&#8243; _module_preset=&#8221;default&#8221; theme_builder_area=&#8221;post_content&#8221;][et_pb_column _builder_version=&#8221;4.25.1&#8243; _module_preset=&#8221;default&#8221; type=&#8221;4_4&#8243; theme_builder_area=&#8221;post_content&#8221;][\/et_pb_column][\/et_pb_row][\/et_pb_section][et_pb_section fb_built=&#8221;1&#8243; theme_builder_area=&#8221;post_content&#8221; _builder_version=&#8221;4.25.1&#8243; _module_preset=&#8221;default&#8221; custom_padding=&#8221;0px|||||&#8221;][et_pb_row _builder_version=&#8221;4.25.1&#8243; _module_preset=&#8221;default&#8221; theme_builder_area=&#8221;post_content&#8221;][et_pb_column _builder_version=&#8221;4.25.1&#8243; _module_preset=&#8221;default&#8221; type=&#8221;4_4&#8243; theme_builder_area=&#8221;post_content&#8221;][et_pb_text _builder_version=&#8221;4.25.1&#8243; _module_preset=&#8221;default&#8221; theme_builder_area=&#8221;post_content&#8221; hover_enabled=&#8221;0&#8243; sticky_enabled=&#8221;0&#8243;]<h1>Agenda des \u00e9v\u00e9nements Divikeys<\/h1>[\/et_pb_text][et_pb_text _builder_version=&#8221;4.25.1&#8243; _module_preset=&#8221;default&#8221; theme_builder_area=&#8221;post_content&#8221; hover_enabled=&#8221;0&#8243; sticky_enabled=&#8221;0&#8243;]<p class=\"whitespace-pre-wrap break-words\">02\/06\/2024 &#8211; Atelier de pr\u00e9sentation de la plateforme Divikeys Cet atelier gratuit est ouvert \u00e0 tous ceux qui souhaitent en apprendre davantage sur le fonctionnement de notre plateforme de crowdfunding. Sur inscription.<\/p>\n<p class=\"whitespace-pre-wrap break-words\">15\/07\/2024 &#8211; Lancement officiel de Divikeys \u00c9v\u00e9nement de lancement en pr\u00e9sence des fondateurs, de l&#8217;\u00e9quipe et de partenaires. Cocktail et pr\u00e9sentation de la vision de Divikeys pour le financement participatif aux Antilles.<\/p>\n<p class=\"whitespace-pre-wrap break-words\">31\/08\/2024 &#8211; Formation &#8220;R\u00e9ussir sa campagne de crowdfunding&#8221; Formation payante sur 2 jours pour apprendre les cl\u00e9s d&#8217;une campagne de financement participatif r\u00e9ussie.<\/p>\n<p class=\"whitespace-pre-wrap break-words\">12\/10\/2024 &#8211; Divikeys Demo Day Pr\u00e9sentation publique des premiers projets financ\u00e9s via la plateforme Divikeys. Rencontres avec les porteurs de projets.<\/p>\n<p class=\"whitespace-pre-wrap break-words\">23\/11\/2024 &#8211; Conf\u00e9rence &#8220;Crowdfunding &amp; D\u00e9veloppement Durable&#8221; Avec des intervenants experts, cette conf\u00e9rence explorera le r\u00f4le du financement participatif dans les projets \u00e9co-responsables.<\/p>\n<p class=\"whitespace-pre-wrap break-words\">20\/12\/2024 &#8211; Before Crowdfunding Party Soir\u00e9e de r\u00e9seautage et de networking pour cl\u00f4turer l&#8217;ann\u00e9e, en pr\u00e9sence des entrepreneurs et de l&#8217;\u00e9quipe Divikeys.<\/p>[\/et_pb_text][\/et_pb_column][\/et_pb_row][\/et_pb_section]\n","protected":false},"excerpt":{"rendered":"<p>Agenda des \u00e9v\u00e9nements Divikeys02\/06\/2024 &#8211; Atelier de pr\u00e9sentation de la plateforme Divikeys Cet atelier gratuit est ouvert \u00e0 tous ceux qui souhaitent en apprendre davantage sur le fonctionnement de notre plateforme de crowdfunding. Sur inscription. 15\/07\/2024 &#8211; Lancement officiel de Divikeys \u00c9v\u00e9nement de lancement en pr\u00e9sence des fondateurs, de l&#8217;\u00e9quipe et de partenaires. Cocktail et [&hellip;]<\/p>\n","protected":false},"author":1,"featured_media":0,"parent":0,"menu_order":0,"comment_status":"closed","ping_status":"closed","template":"","meta":{"_et_pb_use_builder":"on","_et_pb_old_content":"<!-- wp:divi\/placeholder \/-->","_et_gb_content_width":"","_monsterinsights_skip_tracking":false,"_monsterinsights_sitenote_active":false,"_monsterinsights_sitenote_note":"","_monsterinsights_sitenote_category":0,"_uf_show_specific_survey":0,"_uf_disable_surveys":false,"footnotes":""},"class_list":["post-987512031","page","type-page","status-publish","hentry"],"aioseo_notices":[],"_links":{"self":[{"href":"https:\/\/divikeys.com\/index.php\/wp-json\/wp\/v2\/pages\/987512031"}],"collection":[{"href":"https:\/\/divikeys.com\/index.php\/wp-json\/wp\/v2\/pages"}],"about":[{"href":"https:\/\/divikeys.com\/index.php\/wp-json\/wp\/v2\/types\/page"}],"author":[{"embeddable":true,"href":"https:\/\/divikeys.com\/index.php\/wp-json\/wp\/v2\/users\/1"}],"replies":[{"embeddable":true,"href":"https:\/\/divikeys.com\/index.php\/wp-json\/wp\/v2\/comments?post=987512031"}],"version-history":[{"count":6,"href":"https:\/\/divikeys.com\/index.php\/wp-json\/wp\/v2\/pages\/987512031\/revisions"}],"predecessor-version":[{"id":987512364,"href":"https:\/\/divikeys.com\/index.php\/wp-json\/wp\/v2\/pages\/987512031\/revisions\/987512364"}],"wp:attachment":[{"href":"https:\/\/divikeys.com\/index.php\/wp-json\/wp\/v2\/media?parent=987512031"}],"curies":[{"name":"wp","href":"https:\/\/api.w.org\/{rel}","templated":true}]}}