{"id":987512034,"date":"2024-06-05T02:05:32","date_gmt":"2024-06-05T01:05:32","guid":{"rendered":"https:\/\/divikeys.com\/?page_id=987512034"},"modified":"2024-06-05T02:05:32","modified_gmt":"2024-06-05T01:05:32","slug":"nos-partenaires-techniques-et-institutionels","status":"publish","type":"page","link":"https:\/\/divikeys.com\/index.php\/nos-partenaires-techniques-et-institutionels\/","title":{"rendered":"Nos Partenaires Techniques et institutionels"},"content":{"rendered":"\n[et_pb_section fb_built=&#8221;1&#8243; theme_builder_area=&#8221;post_content&#8221; _builder_version=&#8221;4.25.1&#8243; _module_preset=&#8221;default&#8221;][et_pb_row _builder_version=&#8221;4.25.1&#8243; _module_preset=&#8221;default&#8221; theme_builder_area=&#8221;post_content&#8221;][et_pb_column _builder_version=&#8221;4.25.1&#8243; _module_preset=&#8221;default&#8221; type=&#8221;4_4&#8243; theme_builder_area=&#8221;post_content&#8221;][\/et_pb_column][\/et_pb_row][\/et_pb_section][et_pb_section fb_built=&#8221;1&#8243; theme_builder_area=&#8221;post_content&#8221; _builder_version=&#8221;4.25.1&#8243; _module_preset=&#8221;default&#8221; custom_padding=&#8221;10px|||||&#8221;][et_pb_row _builder_version=&#8221;4.25.1&#8243; _module_preset=&#8221;default&#8221; theme_builder_area=&#8221;post_content&#8221;][et_pb_column _builder_version=&#8221;4.25.1&#8243; _module_preset=&#8221;default&#8221; type=&#8221;4_4&#8243; theme_builder_area=&#8221;post_content&#8221;][et_pb_text _builder_version=&#8221;4.25.1&#8243; _module_preset=&#8221;default&#8221; theme_builder_area=&#8221;post_content&#8221; hover_enabled=&#8221;0&#8243; sticky_enabled=&#8221;0&#8243;]<h1>Nos Partenaires Techniques et Institutionnels<\/h1>[\/et_pb_text][et_pb_text _builder_version=&#8221;4.25.1&#8243; _module_preset=&#8221;default&#8221; theme_builder_area=&#8221;post_content&#8221; hover_enabled=&#8221;0&#8243; sticky_enabled=&#8221;0&#8243;]<h3>Partenaires Techniques et Institutionnels<\/h3>\n<p>Chez Divikeys, nous croyons fermement que le succ\u00e8s du financement participatif repose sur des partenariats solides et strat\u00e9giques. Nous collaborons avec des partenaires techniques et institutionnels de premier plan pour garantir la s\u00e9curit\u00e9, la conformit\u00e9 et l&#8217;efficacit\u00e9 de notre plateforme. Voici la liste de nos principaux partenaires :<\/p>\n<h4>Partenaires Institutionnels<\/h4>\n<p><strong>1. BPI France (Banque Publique d&#8217;Investissement)<\/strong> BPI France soutient l&#8217;innovation et la croissance des entreprises en France et dans les territoires d&#8217;outre-mer. Ils offrent des financements, des garanties et des services d&#8217;accompagnement aux entreprises de toutes tailles.<\/p>\n<p><strong>2. AMF (Autorit\u00e9 des March\u00e9s Financiers)<\/strong> L&#8217;AMF veille \u00e0 la protection de l&#8217;\u00e9pargne investie dans les instruments financiers, \u00e0 l&#8217;information des investisseurs et au bon fonctionnement des march\u00e9s financiers. Divikeys se conforme aux r\u00e9glementations de l&#8217;AMF pour assurer la transparence et la s\u00e9curit\u00e9 des investissements.<\/p>\n<p><strong>3. Associations de Financement Participatif<\/strong> Nous collaborons avec diverses associations d\u00e9di\u00e9es au financement participatif pour promouvoir les meilleures pratiques et garantir que notre plateforme respecte les standards de l&#8217;industrie.<\/p>\n<h4>Partenaires Techniques<\/h4>\n<p><strong>4. Lemonway<\/strong> Lemonway est un prestataire de services de paiement agr\u00e9\u00e9 qui facilite les transactions financi\u00e8res s\u00e9curis\u00e9es sur notre plateforme. Gr\u00e2ce \u00e0 leur technologie, nous pouvons offrir des services de paiement conformes aux normes de s\u00e9curit\u00e9 les plus strictes.<\/p>\n<p><strong>5. AWS (Amazon Web Services)<\/strong> Pour assurer la performance et la s\u00e9curit\u00e9 de notre plateforme, nous utilisons les services d&#8217;h\u00e9bergement et de cloud computing d&#8217;AWS. Leur infrastructure robuste garantit une disponibilit\u00e9 maximale et une protection optimale des donn\u00e9es.<\/p>\n<p><strong>6. Algolia<\/strong> Algolia fournit des solutions de recherche et de navigation rapides et pertinentes pour notre plateforme, permettant \u00e0 nos utilisateurs de trouver facilement les informations et les projets qui les int\u00e9ressent.<\/p>\n<p><strong>7. Sendinblue<\/strong> Sendinblue nous aide \u00e0 g\u00e9rer nos campagnes de communication par email. Leur plateforme permet une gestion efficace des emails marketing, assurant ainsi que nos investisseurs et porteurs de projets re\u00e7oivent des informations importantes en temps voulu.<\/p>\n<h4>Partenaires Locaux et R\u00e9gionaux<\/h4>\n<p><strong>8. Chambre de Commerce et d&#8217;Industrie des Antilles (CCI)<\/strong> La CCI des Antilles soutient le d\u00e9veloppement \u00e9conomique local en offrant des services aux entreprises et en facilitant les initiatives de financement participatif dans la r\u00e9gion.<\/p>\n<p><strong>9. Collectivit\u00e9s Locales<\/strong> Nous travaillons en \u00e9troite collaboration avec les collectivit\u00e9s locales pour identifier et soutenir des projets ayant un impact positif sur le d\u00e9veloppement \u00e9conomique et social des Antilles.<\/p>\n<h4>Organisations et R\u00e9seaux<\/h4>\n<p><strong>10. R\u00e9seau Entreprendre<\/strong> R\u00e9seau Entreprendre accompagne les cr\u00e9ateurs et repreneurs d&#8217;entreprises gr\u00e2ce \u00e0 un soutien humain et financier. Leur expertise nous aide \u00e0 \u00e9valuer et \u00e0 soutenir des projets entrepreneuriaux prometteurs.<\/p>\n<p><strong>11. France Active<\/strong> France Active soutient les entrepreneurs engag\u00e9s \u00e0 travers des financements et des conseils. Ils jouent un r\u00f4le crucial dans l&#8217;accompagnement des projets \u00e0 fort impact social et environnemental.<\/p>\n<h4>Conclusion<\/h4>\n<p>Ces partenariats strat\u00e9giques permettent \u00e0 Divikeys d&#8217;offrir une plateforme de financement participatif fiable, s\u00e9curis\u00e9e et conforme aux r\u00e9glementations. Gr\u00e2ce \u00e0 ces collaborations, nous pouvons assurer le succ\u00e8s et la p\u00e9rennit\u00e9 des projets financ\u00e9s, tout en maximisant les retours pour nos investisseurs.<\/p>\n<p>Pour plus d&#8217;informations sur nos partenaires ou pour toute question, n&#8217;h\u00e9sitez pas \u00e0 nous contacter \u00e0 info@divikeys.com.<\/p>[\/et_pb_text][\/et_pb_column][\/et_pb_row][\/et_pb_section]\n","protected":false},"excerpt":{"rendered":"<p>Nos Partenaires Techniques et InstitutionnelsPartenaires Techniques et Institutionnels Chez Divikeys, nous croyons fermement que le succ\u00e8s du financement participatif repose sur des partenariats solides et strat\u00e9giques. Nous collaborons avec des partenaires techniques et institutionnels de premier plan pour garantir la s\u00e9curit\u00e9, la conformit\u00e9 et l&#8217;efficacit\u00e9 de notre plateforme. Voici la liste de nos principaux partenaires [&hellip;]<\/p>\n","protected":false},"author":1,"featured_media":0,"parent":0,"menu_order":0,"comment_status":"closed","ping_status":"closed","template":"","meta":{"_et_pb_use_builder":"on","_et_pb_old_content":"<!-- wp:divi\/placeholder \/-->","_et_gb_content_width":"","_monsterinsights_skip_tracking":false,"_monsterinsights_sitenote_active":false,"_monsterinsights_sitenote_note":"","_monsterinsights_sitenote_category":0,"_uf_show_specific_survey":0,"_uf_disable_surveys":false,"footnotes":""},"class_list":["post-987512034","page","type-page","status-publish","hentry"],"aioseo_notices":[],"_links":{"self":[{"href":"https:\/\/divikeys.com\/index.php\/wp-json\/wp\/v2\/pages\/987512034"}],"collection":[{"href":"https:\/\/divikeys.com\/index.php\/wp-json\/wp\/v2\/pages"}],"about":[{"href":"https:\/\/divikeys.com\/index.php\/wp-json\/wp\/v2\/types\/page"}],"author":[{"embeddable":true,"href":"https:\/\/divikeys.com\/index.php\/wp-json\/wp\/v2\/users\/1"}],"replies":[{"embeddable":true,"href":"https:\/\/divikeys.com\/index.php\/wp-json\/wp\/v2\/comments?post=987512034"}],"version-history":[{"count":5,"href":"https:\/\/divikeys.com\/index.php\/wp-json\/wp\/v2\/pages\/987512034\/revisions"}],"predecessor-version":[{"id":987512376,"href":"https:\/\/divikeys.com\/index.php\/wp-json\/wp\/v2\/pages\/987512034\/revisions\/987512376"}],"wp:attachment":[{"href":"https:\/\/divikeys.com\/index.php\/wp-json\/wp\/v2\/media?parent=987512034"}],"curies":[{"name":"wp","href":"https:\/\/api.w.org\/{rel}","templated":true}]}}