{"id":987512044,"date":"2024-06-05T01:53:37","date_gmt":"2024-06-05T00:53:37","guid":{"rendered":"https:\/\/divikeys.com\/?page_id=987512044"},"modified":"2024-06-05T01:53:37","modified_gmt":"2024-06-05T00:53:37","slug":"cookies","status":"publish","type":"page","link":"https:\/\/divikeys.com\/index.php\/cookies\/","title":{"rendered":"Cookies"},"content":{"rendered":"\n[et_pb_section fb_built=&#8221;1&#8243; _builder_version=&#8221;4.25.1&#8243; _module_preset=&#8221;default&#8221; global_colors_info=&#8221;{}&#8221; custom_padding=&#8221;||9px|||&#8221;][\/et_pb_section][et_pb_section fb_built=&#8221;1&#8243; _builder_version=&#8221;4.25.1&#8243; _module_preset=&#8221;default&#8221; custom_padding=&#8221;0px|||||&#8221; hover_enabled=&#8221;0&#8243; global_colors_info=&#8221;{}&#8221; custom_margin=&#8221;50px||||false|false&#8221; sticky_enabled=&#8221;0&#8243;][et_pb_row _builder_version=&#8221;4.25.1&#8243; _module_preset=&#8221;default&#8221; global_colors_info=&#8221;{}&#8221;][et_pb_column type=&#8221;4_4&#8243; _builder_version=&#8221;4.25.1&#8243; _module_preset=&#8221;default&#8221; global_colors_info=&#8221;{}&#8221;][et_pb_text _builder_version=&#8221;4.25.1&#8243; _module_preset=&#8221;default&#8221; hover_enabled=&#8221;0&#8243; sticky_enabled=&#8221;0&#8243;]<h1>Utilisation des cookies<\/h1>[\/et_pb_text][et_pb_text _builder_version=&#8221;4.25.1&#8243; _module_preset=&#8221;default&#8221; global_colors_info=&#8221;{}&#8221;]<p>&nbsp;<\/p>\n<p>En naviguant sur notre site web Divikeys, vous acceptez l&#8217;utilisation de cookies conform\u00e9ment \u00e0 la pr\u00e9sente politique.<\/p>\n<p>Qu&#8217;est-ce qu&#8217;un cookie ?<\/p>\n<p>Un cookie est un petit fichier texte d\u00e9pos\u00e9 sur votre appareil (ordinateur, tablette, smartphone, etc.) lors de la visite d&#8217;un site web. Les cookies ont pour but de collecter des informations relatives \u00e0 votre navigation et de vous adresser des services adapt\u00e9s \u00e0 votre terminal.<\/p>\n<p>Quels types de cookies utilisons-nous ?<\/p>\n<p>Divikeys utilise diff\u00e9rents types de cookies pour vous offrir la meilleure exp\u00e9rience possible sur notre site :<\/p>\n<p>Cookies techniques Ces cookies sont n\u00e9cessaires au bon fonctionnement du site web et permettent des fonctionnalit\u00e9s essentielles comme la navigation sur les pages, l&#8217;acc\u00e8s aux espaces s\u00e9curis\u00e9s, etc.<\/p>\n<p>Cookies analytiques Ces cookies nous permettent d&#8217;analyser l&#8217;utilisation du site par les visiteurs afin d&#8217;en \u00e9valuer et am\u00e9liorer les performances.<\/p>\n<p>Cookies publicitaires Nous utilisons des cookies publicitaires pour vous proposer des publicit\u00e9s cibl\u00e9es, pertinentes et non intrusives lors de votre navigation.<\/p>\n<p>Cookies de r\u00e9seaux sociaux Ces cookies facilitent le partage de contenu du site avec d&#8217;autres personnes via les r\u00e9seaux sociaux.<\/p>\n<p>Param\u00e9trer vos cookies<\/p>\n<p>Vous pouvez g\u00e9rer vos pr\u00e9f\u00e9rences en mati\u00e8re de cookies \u00e0 tout moment depuis les param\u00e8tres de votre navigateur web. Veuillez noter que le refus de certains cookies peut impacter les fonctionnalit\u00e9s et l&#8217;exp\u00e9rience sur notre site.<\/p>\n<p>En poursuivant votre navigation, vous acceptez l&#8217;utilisation des cookies de Divikeys. Pour toute question, n&#8217;h\u00e9sitez pas \u00e0 nous contacter. Info@divikeys.com<\/p>[\/et_pb_text][\/et_pb_column][\/et_pb_row][\/et_pb_section]\n","protected":false},"excerpt":{"rendered":"<p>Utilisation des cookies&nbsp; En naviguant sur notre site web Divikeys, vous acceptez l&#8217;utilisation de cookies conform\u00e9ment \u00e0 la pr\u00e9sente politique. Qu&#8217;est-ce qu&#8217;un cookie ? Un cookie est un petit fichier texte d\u00e9pos\u00e9 sur votre appareil (ordinateur, tablette, smartphone, etc.) lors de la visite d&#8217;un site web. Les cookies ont pour but de collecter des informations [&hellip;]<\/p>\n","protected":false},"author":1,"featured_media":0,"parent":0,"menu_order":0,"comment_status":"closed","ping_status":"closed","template":"","meta":{"_et_pb_use_builder":"on","_et_pb_old_content":"<!-- wp:divi\/placeholder \/-->","_et_gb_content_width":"","_monsterinsights_skip_tracking":false,"_monsterinsights_sitenote_active":false,"_monsterinsights_sitenote_note":"","_monsterinsights_sitenote_category":0,"_uf_show_specific_survey":0,"_uf_disable_surveys":false,"footnotes":""},"class_list":["post-987512044","page","type-page","status-publish","hentry"],"aioseo_notices":[],"_links":{"self":[{"href":"https:\/\/divikeys.com\/index.php\/wp-json\/wp\/v2\/pages\/987512044"}],"collection":[{"href":"https:\/\/divikeys.com\/index.php\/wp-json\/wp\/v2\/pages"}],"about":[{"href":"https:\/\/divikeys.com\/index.php\/wp-json\/wp\/v2\/types\/page"}],"author":[{"embeddable":true,"href":"https:\/\/divikeys.com\/index.php\/wp-json\/wp\/v2\/users\/1"}],"replies":[{"embeddable":true,"href":"https:\/\/divikeys.com\/index.php\/wp-json\/wp\/v2\/comments?post=987512044"}],"version-history":[{"count":5,"href":"https:\/\/divikeys.com\/index.php\/wp-json\/wp\/v2\/pages\/987512044\/revisions"}],"predecessor-version":[{"id":987512358,"href":"https:\/\/divikeys.com\/index.php\/wp-json\/wp\/v2\/pages\/987512044\/revisions\/987512358"}],"wp:attachment":[{"href":"https:\/\/divikeys.com\/index.php\/wp-json\/wp\/v2\/media?parent=987512044"}],"curies":[{"name":"wp","href":"https:\/\/api.w.org\/{rel}","templated":true}]}}