{"id":987512048,"date":"2024-06-05T01:51:31","date_gmt":"2024-06-05T00:51:31","guid":{"rendered":"https:\/\/divikeys.com\/?page_id=987512048"},"modified":"2024-07-26T01:46:08","modified_gmt":"2024-07-26T00:46:08","slug":"blog-et-actualites","status":"publish","type":"page","link":"https:\/\/divikeys.com\/index.php\/blog-et-actualites\/","title":{"rendered":"Blog et Actualit\u00e9s"},"content":{"rendered":"<p>[et_pb_section fb_built=&#8221;1&#8243; _builder_version=&#8221;4.25.1&#8243; _module_preset=&#8221;default&#8221; global_colors_info=&#8221;{}&#8221;][\/et_pb_section][et_pb_section fb_built=&#8221;1&#8243; _builder_version=&#8221;4.25.1&#8243; _module_preset=&#8221;default&#8221; custom_padding=&#8221;9px|||||&#8221; global_colors_info=&#8221;{}&#8221;][et_pb_row _builder_version=&#8221;4.25.1&#8243; _module_preset=&#8221;default&#8221; global_colors_info=&#8221;{}&#8221;][et_pb_column type=&#8221;4_4&#8243; _builder_version=&#8221;4.25.1&#8243; _module_preset=&#8221;default&#8221; global_colors_info=&#8221;{}&#8221;][et_pb_post_title _builder_version=&#8221;4.27.0&#8243; _module_preset=&#8221;default&#8221; title_font=&#8221;Lato|700||on|||||&#8221; title_text_color=&#8221;#032175&#8243; global_colors_info=&#8221;{}&#8221;][\/et_pb_post_title][\/et_pb_column][\/et_pb_row][\/et_pb_section][et_pb_section fb_built=&#8221;1&#8243; _builder_version=&#8221;4.25.1&#8243; _module_preset=&#8221;default&#8221; custom_padding=&#8221;13px|||||&#8221; global_colors_info=&#8221;{}&#8221;][et_pb_row column_structure=&#8221;1_3,1_3,1_3&#8243; _builder_version=&#8221;4.25.1&#8243; _module_preset=&#8221;default&#8221; border_color_right=&#8221;#0C71C3&#8243; global_colors_info=&#8221;{}&#8221;][et_pb_column type=&#8221;1_3&#8243; _builder_version=&#8221;4.25.1&#8243; _module_preset=&#8221;default&#8221; border_width_right=&#8221;1px&#8221; border_color_right=&#8221;#0C71C3&#8243; global_colors_info=&#8221;{}&#8221;][et_pb_image src=&#8221;http:\/\/divikeys.com\/wp-content\/uploads\/2023\/08\/beach-1836467_1280.jpg&#8221; title_text=&#8221;beach-1836467_1280&#8243; _builder_version=&#8221;4.27.0&#8243; _module_preset=&#8221;default&#8221; global_colors_info=&#8221;{}&#8221;][\/et_pb_image][et_pb_blog posts_number=&#8221;1&#8243; show_content=&#8221;on&#8221; _builder_version=&#8221;4.27.0&#8243; _module_preset=&#8221;default&#8221; header_font=&#8221;Lato|700||on|||||&#8221; header_text_color=&#8221;#032175&#8243; header_line_height=&#8221;1.3em&#8221; global_colors_info=&#8221;{}&#8221;][\/et_pb_blog][et_pb_text _builder_version=&#8221;4.27.0&#8243; _module_preset=&#8221;default&#8221; custom_margin=&#8221;||11px|||&#8221; global_colors_info=&#8221;{}&#8221;]<\/p>\n<p class=\"whitespace-pre-wrap break-words\">\n<p class=\"whitespace-pre-wrap break-words\">Nouveau sur les Antilles:<\/p>\n<p class=\"whitespace-pre-wrap break-words\">Le Boom de l&#8217;Eco-Tourisme Chaque ann\u00e9e, les Antilles s\u00e9duisent davantage de visiteurs en qu\u00eate d&#8217;authenticit\u00e9 et de tourisme durable. Des initiatives locales fleurissent pour proposer des exp\u00e9riences \u00e9co-responsables&#8230;<\/p>\n<p class=\"whitespace-pre-wrap break-words\">[\/et_pb_text][et_pb_button button_url=&#8221;@ET-DC@eyJkeW5hbWljIjp0cnVlLCJjb250ZW50IjoicG9zdF9saW5rX3VybF9wYWdlIiwic2V0dGluZ3MiOnsicG9zdF9pZCI6Ijk4NzUxMTk1MyJ9fQ==@&#8221; button_text=&#8221;Investir&#8221; _builder_version=&#8221;4.27.0&#8243; _dynamic_attributes=&#8221;button_url&#8221; _module_preset=&#8221;default&#8221; custom_button=&#8221;on&#8221; button_text_color=&#8221;#032175&#8243; button_bg_color=&#8221;RGBA(255,255,255,0)&#8221; button_border_color=&#8221;RGBA(255,255,255,0)&#8221; box_shadow_style=&#8221;preset3&#8243; box_shadow_blur=&#8221;0px&#8221; box_shadow_spread=&#8221;-10px&#8221; box_shadow_color=&#8221;#032175&#8243; global_colors_info=&#8221;{}&#8221;][\/et_pb_button][\/et_pb_column][et_pb_column type=&#8221;1_3&#8243; _builder_version=&#8221;4.25.1&#8243; _module_preset=&#8221;default&#8221; border_width_right=&#8221;1px&#8221; border_color_right=&#8221;#0C71C3&#8243; global_colors_info=&#8221;{}&#8221;][et_pb_image src=&#8221;http:\/\/divikeys.com\/wp-content\/uploads\/2024\/06\/pexels-styves-exantus-7162424-13133907-scaled.jpg&#8221; title_text=&#8221;pexels-styves-exantus-7162424-13133907&#8243; _builder_version=&#8221;4.27.0&#8243; _module_preset=&#8221;default&#8221; global_colors_info=&#8221;{}&#8221;][\/et_pb_image][et_pb_blog include_categories=&#8221;1&#8243; _builder_version=&#8221;4.27.0&#8243; _module_preset=&#8221;default&#8221; header_font=&#8221;Lato|700||on|||||&#8221; header_text_color=&#8221;#032175&#8243; header_line_height=&#8221;1.2em&#8221; global_colors_info=&#8221;{}&#8221;][\/et_pb_blog][et_pb_text _builder_version=&#8221;4.27.0&#8243; _module_preset=&#8221;default&#8221; global_colors_info=&#8221;{}&#8221;]<\/p>\n<p class=\"whitespace-pre-wrap break-words\">Financer son projet gr\u00e2ce au Crowdfunding.<\/p>\n<p class=\"whitespace-pre-wrap break-words\">Mode d&#8217;Emploi:<\/p>\n<p class=\"whitespace-pre-wrap break-words\">Vous avez une id\u00e9e g\u00e9niale mais pas les fonds pour la concr\u00e9tiser ? Le crowdfunding peut \u00eatre la solution ! Divikeys vous explique comment mener une campagne r\u00e9ussie&#8230;<\/p>\n<p>[\/et_pb_text][et_pb_button button_url=&#8221;@ET-DC@eyJkeW5hbWljIjp0cnVlLCJjb250ZW50IjoicG9zdF9saW5rX3VybF9wYWdlIiwic2V0dGluZ3MiOnsicG9zdF9pZCI6Ijk4NzUxMTk3NyJ9fQ==@&#8221; button_text=&#8221;Se Financer&#8221; _builder_version=&#8221;4.27.0&#8243; _dynamic_attributes=&#8221;button_url&#8221; _module_preset=&#8221;default&#8221; custom_button=&#8221;on&#8221; button_text_color=&#8221;#032175&#8243; button_bg_color=&#8221;RGBA(255,255,255,0)&#8221; button_border_color=&#8221;RGBA(255,255,255,0)&#8221; box_shadow_style=&#8221;preset3&#8243; box_shadow_blur=&#8221;0px&#8221; box_shadow_spread=&#8221;-10px&#8221; box_shadow_color=&#8221;#032175&#8243; global_colors_info=&#8221;{}&#8221;][\/et_pb_button][\/et_pb_column][et_pb_column type=&#8221;1_3&#8243; _builder_version=&#8221;4.25.1&#8243; _module_preset=&#8221;default&#8221; global_colors_info=&#8221;{}&#8221;][et_pb_image src=&#8221;http:\/\/divikeys.com\/wp-content\/uploads\/2024\/07\/pexels-rdne-8052177-scaled.jpg&#8221; title_text=&#8221;pexels-rdne-8052177&#8243; _builder_version=&#8221;4.27.0&#8243; _module_preset=&#8221;default&#8221; global_colors_info=&#8221;{}&#8221;][\/et_pb_image][et_pb_blog _builder_version=&#8221;4.27.0&#8243; _module_preset=&#8221;default&#8221; header_font=&#8221;Lato|700||on|||||&#8221; header_text_color=&#8221;#032175&#8243; header_line_height=&#8221;1.2em&#8221; global_colors_info=&#8221;{}&#8221;][\/et_pb_blog][et_pb_text _builder_version=&#8221;4.27.0&#8243; _module_preset=&#8221;default&#8221; global_colors_info=&#8221;{}&#8221;]<\/p>\n<p class=\"whitespace-pre-wrap break-words\">Financement Participatif\u00a0<\/p>\n<p class=\"whitespace-pre-wrap break-words\">Quelles Opportunit\u00e9s pour les Antilles ?<\/p>\n<p class=\"whitespace-pre-wrap break-words\">Le crowdfunding gagne en popularit\u00e9 dans la r\u00e9gion. Entretien avec Paul Caribbean, expert en financement alternatif, qui nous parle des perspectives pour les projets antillais.<\/p>\n<p class=\"whitespace-pre-wrap break-words\">[\/et_pb_text][et_pb_button button_url=&#8221;@ET-DC@eyJkeW5hbWljIjp0cnVlLCJjb250ZW50IjoicG9zdF9saW5rX3VybF9wYWdlIiwic2V0dGluZ3MiOnsicG9zdF9pZCI6Ijk4NzUxMTk2MSJ9fQ==@&#8221; button_text=&#8221;Les opportunit\u00e9s&#8221; _builder_version=&#8221;4.27.0&#8243; _dynamic_attributes=&#8221;button_url&#8221; _module_preset=&#8221;default&#8221; custom_button=&#8221;on&#8221; button_text_color=&#8221;#032175&#8243; button_bg_color=&#8221;RGBA(255,255,255,0)&#8221; button_border_color=&#8221;RGBA(255,255,255,0)&#8221; custom_margin=&#8221;-14px|||||&#8221; hover_enabled=&#8221;0&#8243; box_shadow_style=&#8221;preset3&#8243; box_shadow_blur=&#8221;0px&#8221; box_shadow_spread=&#8221;-10px&#8221; box_shadow_color=&#8221;#032175&#8243; global_colors_info=&#8221;{}&#8221; sticky_enabled=&#8221;0&#8243;][\/et_pb_button][\/et_pb_column][\/et_pb_row][\/et_pb_section]<\/p>\n","protected":false},"excerpt":{"rendered":"<p>Nouveau sur les Antilles: Le Boom de l&#8217;Eco-Tourisme Chaque ann\u00e9e, les Antilles s\u00e9duisent davantage de visiteurs en qu\u00eate d&#8217;authenticit\u00e9 et de tourisme durable. Des initiatives locales fleurissent pour proposer des exp\u00e9riences \u00e9co-responsables&#8230; Financer son projet gr\u00e2ce au Crowdfunding. Mode d&#8217;Emploi: Vous avez une id\u00e9e g\u00e9niale mais pas les fonds pour la concr\u00e9tiser ? Le crowdfunding [&hellip;]<\/p>\n","protected":false},"author":1,"featured_media":0,"parent":0,"menu_order":0,"comment_status":"closed","ping_status":"closed","template":"","meta":{"_et_pb_use_builder":"on","_et_pb_old_content":"<!-- wp:divi\/placeholder \/-->","_et_gb_content_width":"","_monsterinsights_skip_tracking":false,"_monsterinsights_sitenote_active":false,"_monsterinsights_sitenote_note":"","_monsterinsights_sitenote_category":0,"_uf_show_specific_survey":0,"_uf_disable_surveys":false,"footnotes":""},"class_list":["post-987512048","page","type-page","status-publish","hentry"],"aioseo_notices":[],"_links":{"self":[{"href":"https:\/\/divikeys.com\/index.php\/wp-json\/wp\/v2\/pages\/987512048"}],"collection":[{"href":"https:\/\/divikeys.com\/index.php\/wp-json\/wp\/v2\/pages"}],"about":[{"href":"https:\/\/divikeys.com\/index.php\/wp-json\/wp\/v2\/types\/page"}],"author":[{"embeddable":true,"href":"https:\/\/divikeys.com\/index.php\/wp-json\/wp\/v2\/users\/1"}],"replies":[{"embeddable":true,"href":"https:\/\/divikeys.com\/index.php\/wp-json\/wp\/v2\/comments?post=987512048"}],"version-history":[{"count":6,"href":"https:\/\/divikeys.com\/index.php\/wp-json\/wp\/v2\/pages\/987512048\/revisions"}],"predecessor-version":[{"id":987512994,"href":"https:\/\/divikeys.com\/index.php\/wp-json\/wp\/v2\/pages\/987512048\/revisions\/987512994"}],"wp:attachment":[{"href":"https:\/\/divikeys.com\/index.php\/wp-json\/wp\/v2\/media?parent=987512048"}],"curies":[{"name":"wp","href":"https:\/\/api.w.org\/{rel}","templated":true}]}}